{"id":37,"date":"2022-12-19T02:32:04","date_gmt":"2022-12-19T02:32:04","guid":{"rendered":"https:\/\/gaviaspreview.com\/wp\/constix\/?page_id=37"},"modified":"2024-09-11T14:49:23","modified_gmt":"2024-09-11T14:49:23","slug":"hizmetlerimiz","status":"publish","type":"page","link":"https:\/\/www.yalcininsaatmakine.com\/zh\/\u6211\u4eec\u7684\u670d\u52a1\/","title":{"rendered":"\u6211\u4eec\u7684\u670d\u52a1"},"content":{"rendered":"<div data-elementor-type=\"wp-page\" data-elementor-id=\"37\" class=\"elementor elementor-37\">\n\t\t\t\t\t\t<section class=\"elementor-section elementor-top-section elementor-element elementor-element-67152ff elementor-section-boxed elementor-section-height-default elementor-section-height-default\" data-id=\"67152ff\" data-element_type=\"section\" data-e-type=\"section\" data-settings=\"{&quot;background_background&quot;:&quot;slideshow&quot;,&quot;background_slideshow_gallery&quot;:[{&quot;id&quot;:177,&quot;url&quot;:&quot;https:\\\/\\\/gaviaspreview.com\\\/wp\\\/constix\\\/wp-content\\\/uploads\\\/2023\\\/01\\\/breadcrumb-01.jpg&quot;},{&quot;id&quot;:178,&quot;url&quot;:&quot;https:\\\/\\\/gaviaspreview.com\\\/wp\\\/constix\\\/wp-content\\\/uploads\\\/2023\\\/01\\\/breadcrumb-02.jpg&quot;}],&quot;background_slideshow_ken_burns&quot;:&quot;yes&quot;,&quot;background_slideshow_loop&quot;:&quot;yes&quot;,&quot;background_slideshow_slide_duration&quot;:5000,&quot;background_slideshow_slide_transition&quot;:&quot;fade&quot;,&quot;background_slideshow_transition_duration&quot;:500,&quot;background_slideshow_ken_burns_zoom_direction&quot;:&quot;in&quot;}\">\n\t\t\t\t\t\t\t<div class=\"elementor-background-overlay\"><\/div>\n\t\t\t\t\t\t\t<div class=\"elementor-container elementor-column-gap-default\">\n\t\t\t\t\t<div class=\"elementor-column elementor-col-100 elementor-top-column elementor-element elementor-element-108d99c\" data-id=\"108d99c\" data-element_type=\"column\" data-e-type=\"column\">\n\t\t\t<div class=\"elementor-widget-wrap elementor-element-populated\">\n\t\t\t\t\t\t<div class=\"elementor-element elementor-element-07bec2e elementor-widget elementor-widget-gva-heading-block\" data-id=\"07bec2e\" data-element_type=\"widget\" data-e-type=\"widget\" data-widget_type=\"gva-heading-block.default\">\n\t\t\t\t<div class=\"elementor-widget-container\">\n\t\t\t\t\t<div class=\"gva-element-gva-heading-block gva-element\">   <div class=\"align-left style-1 widget gsc-heading box-align-left auto-responsive\">\r\n      <div class=\"content-inner\">\r\n         \r\n                  \r\n            \r\n         \r\n                     <h2 class=\"title\">\r\n               <span>\u6211\u4eec\u7684\u670d\u52a1<\/span>\r\n            <\/h2>\r\n                  \r\n         \r\n         \r\n      <\/div>\r\n   <\/div>\r\n<\/div>\t\t\t\t<\/div>\n\t\t\t\t<\/div>\n\t\t\t\t\t<\/div>\n\t\t<\/div>\n\t\t\t\t\t<\/div>\n\t\t<\/section>\n\t\t\t\t<section class=\"elementor-section elementor-top-section elementor-element elementor-element-dd07740 elementor-section-boxed elementor-section-height-default elementor-section-height-default\" data-id=\"dd07740\" data-element_type=\"section\" data-e-type=\"section\">\n\t\t\t\t\t\t<div class=\"elementor-container elementor-column-gap-default\">\n\t\t\t\t\t<div class=\"elementor-column elementor-col-100 elementor-top-column elementor-element elementor-element-1e099e8\" data-id=\"1e099e8\" data-element_type=\"column\" data-e-type=\"column\">\n\t\t\t<div class=\"elementor-widget-wrap\">\n\t\t\t\t\t\t\t<\/div>\n\t\t<\/div>\n\t\t\t\t\t<\/div>\n\t\t<\/section>\n\t\t\t\t<section class=\"elementor-section elementor-top-section elementor-element elementor-element-ee08d72 elementor-section-boxed elementor-section-height-default elementor-section-height-default\" data-id=\"ee08d72\" data-element_type=\"section\" data-e-type=\"section\">\n\t\t\t\t\t\t<div class=\"elementor-container elementor-column-gap-default\">\n\t\t\t\t\t<div class=\"elementor-column elementor-col-100 elementor-top-column elementor-element elementor-element-697956a\" data-id=\"697956a\" data-element_type=\"column\" data-e-type=\"column\">\n\t\t\t<div class=\"elementor-widget-wrap elementor-element-populated\">\n\t\t\t\t\t\t<div class=\"elementor-element elementor-element-5c59828 elementor-widget elementor-widget-gva-heading-block\" data-id=\"5c59828\" data-element_type=\"widget\" data-e-type=\"widget\" data-widget_type=\"gva-heading-block.default\">\n\t\t\t\t<div class=\"elementor-widget-container\">\n\t\t\t\t\t<div class=\"gva-element-gva-heading-block gva-element\">   <div class=\"align-center style-1 widget gsc-heading box-align-left auto-responsive\">\r\n      <div class=\"content-inner\">\r\n         \r\n                  \r\n         <div class=\"sub-title\"><span class=\"heading-icon\"><\/span><span class=\"tagline\">\u6211\u4eec\u63d0\u4f9b\u7684\u670d\u52a1<\/span><\/div>   \r\n         \r\n                     <h2 class=\"title\">\r\n               <span>\u6211\u4eec\u63d0\u4f9b\u7684\u670d\u52a1<\/span>\r\n            <\/h2>\r\n                  \r\n         \r\n         \r\n      <\/div>\r\n   <\/div>\r\n<\/div>\t\t\t\t<\/div>\n\t\t\t\t<\/div>\n\t\t\t\t<div class=\"elementor-element elementor-element-7c910a6 elementor-widget elementor-widget-gva-services\" data-id=\"7c910a6\" data-element_type=\"widget\" data-e-type=\"widget\" data-widget_type=\"gva-services.default\">\n\t\t\t\t<div class=\"elementor-widget-container\">\n\t\t\t\t\t<div class=\"gva-element-gva-services gva-element\">\r\n<div class=\"gsc-services layout-grid\">\r\n   <div class=\"lg-block-grid-3 md-block-grid-3 sm-block-grid-2 xs-block-grid-2 xx-block-grid-1\">\r\n      <div class=\"item-columns\">\r\n<div class=\"service-one__single\"><div class=\"service-one__content\"><div class=\"service-one__image\"><img decoding=\"async\" src=\"https:\/\/www.yalcininsaatmakine.com\/wp-content\/uploads\/2024\/03\/resim_2024-03-26_173126748-600x540.png\" alt=\"\u690d\u7269\u4e0e\u516c\u56ed-\u56ed\u827a\u4e0e\u88c5\u9970\"\/><span class=\"service-one__icon\"><i aria-hidden=\"true\" class=\"cicon-right\"><\/i><\/span><\/div><div class=\"service-one__content-inner\"><h4 class=\"service-one__title\"><span>\u690d\u7269\u5b66\u4e0e\u516c\u56ed-\u56ed\u827a\u4e0e\u88c5\u9970<\/span><\/h4><div class=\"service-one__desc\">\u690d\u7269\u56ed\u3001\u516c\u56ed\u82b1\u56ed\u4ee5\u53ca\u522b\u5885\u548c\u82b1\u56ed\u6d0b\u623f\u7684\u88c5\u9970\u5de5\u7a0b\uff0c\u7279\u522b\u662f\u516c\u5171\u548c\u79c1\u4eba\u673a\u6784\u7684\u88c5\u9970\u5de5\u7a0b\uff0c\u90fd\u7531\u6211\u4eec\u7684\u4e13\u4e1a\u56e2\u961f\u7cbe\u5fc3\u5b9e\u65bd\u3002<\/div><\/div>\t\t  <a href=\"https:\/\/www.yalcininsaatmakine.com\/zh\/case\/\u5df4\u585e\u79d1\u62c9\u677e\u690d\u7269\u516c\u56ed\/\" class=\"service-one__link-overlay\" target=\"_blank\"><\/a>\r\n\t\t  <\/div><\/div>\t\r\n\r\n\r\n\r\n<\/div><div class=\"item-columns\">\r\n<div class=\"service-one__single\"><div class=\"service-one__content\"><div class=\"service-one__image\"><img decoding=\"async\" src=\"https:\/\/www.yalcininsaatmakine.com\/wp-content\/uploads\/2024\/03\/resim_2024-03-25_173215438-600x540.png\" alt=\"\u5c4b\u9876\u3001\u6392\u6c34\u6c9f\u548c Pimage\"\/><span class=\"service-one__icon\"><i aria-hidden=\"true\" class=\"cicon-right\"><\/i><\/span><\/div><div class=\"service-one__content-inner\"><h4 class=\"service-one__title\"><span>\u5c4b\u9876\u3001\u6392\u6c34\u6c9f\u548c Pimage<\/span><\/h4><div class=\"service-one__desc\">\u6211\u4eec\u7684\u4e13\u5bb6\u56e2\u961f\u4f1a\u5bf9\u96e8\u6c34\u69fd\u8fdb\u884c\u6e05\u7406\u3001\u9694\u70ed\u548c\u7ef4\u4fee\uff0c\u4ee5\u5ef6\u957f\u5c4b\u9876\u7684\u4f7f\u7528\u5bff\u547d\uff0c\u5e76\u786e\u4fdd\u96e8\u6c34\u7684\u6392\u653e\u3002<\/div><\/div>\t\t  <a href=\"https:\/\/www.yalcininsaatmakine.com\/zh\/case\/\u5c4b\u9876\u6392\u6c34\u6c9f\u548c\u5c4b\u9876\/\" class=\"service-one__link-overlay\" target=\"_blank\"><\/a>\r\n\t\t  <\/div><\/div>\t\r\n\r\n\r\n\r\n<\/div><div class=\"item-columns\">\r\n<div class=\"service-one__single\"><div class=\"service-one__content\"><div class=\"service-one__image\"><img decoding=\"async\" src=\"https:\/\/www.yalcininsaatmakine.com\/wp-content\/uploads\/2024\/03\/resim_2024-03-25_173703234-600x540.png\" alt=\"\u77f3\u818f\u677f\u5de5\u7a0b\"\/><span class=\"service-one__icon\"><i aria-hidden=\"true\" class=\"cicon-right\"><\/i><\/span><\/div><div class=\"service-one__content-inner\"><h4 class=\"service-one__title\"><span>\u77f3\u818f\u677f\u5de5\u7a0b<\/span><\/h4><div class=\"service-one__desc\">\u6211\u4eec\u901a\u8fc7\u77f3\u818f\u677f\u5e94\u7528\u4e3a\u60a8\u7684\u7a7a\u95f4\u589e\u6dfb\u4ef7\u503c\uff0c\u63d0\u9ad8\u5ba4\u5185\u7f8e\u89c2\u5ea6\u3002\n\n<\/div><\/div>\t\t  <a href=\"https:\/\/www.yalcininsaatmakine.com\/zh\/case\/\u77f3\u818f\u677f\u5de5\u7a0b\/\" class=\"service-one__link-overlay\" target=\"_blank\"><\/a>\r\n\t\t  <\/div><\/div>\t\r\n\r\n\r\n\r\n<\/div><div class=\"item-columns\">\r\n<div class=\"service-one__single\"><div class=\"service-one__content\"><div class=\"service-one__image\"><img decoding=\"async\" src=\"https:\/\/www.yalcininsaatmakine.com\/wp-content\/uploads\/2024\/03\/Adsiz-tasarim-55-600x540.png\" alt=\"\u62a4\u5957\"\/><span class=\"service-one__icon\"><i aria-hidden=\"true\" class=\"cicon-right\"><\/i><\/span><\/div><div class=\"service-one__content-inner\"><h4 class=\"service-one__title\"><span>\u62a4\u5957<\/span><\/h4><div class=\"service-one__desc\">\u6211\u4eec\u63d0\u4f9b\u7684\u8986\u5c42\u89e3\u51b3\u65b9\u6848\u53ef\u4ee5\u6700\u5927\u9650\u5ea6\u5730\u4e3a\u60a8\u7684\u5efa\u7b51\u7269\u63d0\u4f9b\u9694\u70ed\u548c\u8282\u80fd\u6548\u679c\u3002\u6211\u4eec\u901a\u8fc7\u9632\u6b62\u70ed\u91cf\u6d41\u5931\uff0c\u4e3a\u60a8\u521b\u9020\u8212\u9002\u3001\u7ecf\u6d4e\u7684\u751f\u6d3b\u7a7a\u95f4\u3002\n\n<\/div><\/div>\t\t  <a href=\"https:\/\/www.yalcininsaatmakine.com\/zh\/case\/\u62a4\u5957\/\" class=\"service-one__link-overlay\" target=\"_blank\"><\/a>\r\n\t\t  <\/div><\/div>\t\r\n\r\n\r\n\r\n<\/div><div class=\"item-columns\">\r\n<div class=\"service-one__single\"><div class=\"service-one__content\"><div class=\"service-one__image\"><img decoding=\"async\" src=\"https:\/\/www.yalcininsaatmakine.com\/wp-content\/uploads\/2024\/03\/IMG-20240327-WA0005-600x540.jpg\" alt=\"\u5e73\u53f0\u811a\u624b\u67b6\"\/><span class=\"service-one__icon\"><i aria-hidden=\"true\" class=\"cicon-right\"><\/i><\/span><\/div><div class=\"service-one__content-inner\"><h4 class=\"service-one__title\"><span>\u5e73\u53f0\u811a\u624b\u67b6<\/span><\/h4><div class=\"service-one__desc\">\u4f5c\u4e3a\u73b0\u4ee3\u5efa\u7b51\u6280\u672f\u7684\u8981\u6c42\uff0c\u5e73\u53f0\u811a\u624b\u67b6\u53ef\u4ee5\u52a0\u5feb\u5de5\u7a0b\u8fdb\u5ea6\uff0c\u63d0\u9ad8\u5de5\u4f5c\u533a\u57df\u7684\u5b89\u5168\u6027\u548c\u53ef\u8fbe\u6027\u3002<\/div><\/div>\t\t  <a href=\"https:\/\/www.yalcininsaatmakine.com\/zh\/case\/\u5e73\u53f0\u811a\u624b\u67b6\/\" class=\"service-one__link-overlay\" target=\"_blank\"><\/a>\r\n\t\t  <\/div><\/div>\t\r\n\r\n\r\n\r\n<\/div><div class=\"item-columns\">\r\n<div class=\"service-one__single\"><div class=\"service-one__content\"><div class=\"service-one__image\"><img decoding=\"async\" src=\"https:\/\/www.yalcininsaatmakine.com\/wp-content\/uploads\/2024\/03\/resim_2024-03-26_170908675-600x540.png\" alt=\"\u9ed1\u7070\u6ce5\u5de5\u7a0b\"\/><span class=\"service-one__icon\"><i aria-hidden=\"true\" class=\"fas fa-home\"><\/i><\/span><\/div><div class=\"service-one__content-inner\"><h4 class=\"service-one__title\"><span>\u9ed1\u7070\u6ce5\u5de5\u7a0b<\/span><\/h4><div class=\"service-one__desc\">\u6211\u4eec\u751f\u4ea7\u7684\u7c97\u7cd9\u62b9\u7070\u4ea7\u54c1\u53ef\u4fdd\u62a4\u5899\u58c1\u4e0d\u53d7\u5916\u754c\u56e0\u7d20\u5f71\u54cd\uff0c\u5e76\u63d0\u4f9b\u5149\u6ed1\u7684\u8868\u9762\u3002<\/div><\/div>\t\t  <a href=\"https:\/\/www.yalcininsaatmakine.com\/zh\/case\/\u9ed1\u77f3\u818f\u5de5\u7a0b\/\" class=\"service-one__link-overlay\"><\/a>\r\n\t\t  <\/div><\/div>\t\r\n\r\n\r\n\r\n<\/div><div class=\"item-columns\">\r\n<div class=\"service-one__single\"><div class=\"service-one__content\"><div class=\"service-one__image\"><img decoding=\"async\" src=\"https:\/\/www.yalcininsaatmakine.com\/wp-content\/uploads\/2024\/03\/resim_2024-03-26_171040680-600x450.png\" alt=\"\u74f7\u7816\u548c\u74f7\u7816\u5de5\u7a0b\"\/><span class=\"service-one__icon\"><i aria-hidden=\"true\" class=\"fas fa-home\"><\/i><\/span><\/div><div class=\"service-one__content-inner\"><h4 class=\"service-one__title\"><span>\u74f7\u7816\u548c\u74f7\u7816\u5de5\u7a0b<\/span><\/h4><div class=\"service-one__desc\">\u6211\u4eec\u63d0\u4f9b\u5e94\u7528\u670d\u52a1\uff0c\u4e3a\u60a8\u7684\u6d74\u5ba4\u548c\u53a8\u623f\u9009\u62e9\u6700\u73b0\u4ee3\u3001\u6700\u4f18\u8d28\u7684\u74f7\u7816\u548c\u82b1\u5c97\u5ca9\u6a21\u578b\u3002<\/div><\/div>\t\t  <a href=\"https:\/\/www.yalcininsaatmakine.com\/zh\/case\/\u74f7\u7816\u548c\u74f7\u7816\u5de5\u7a0b-2\/\" class=\"service-one__link-overlay\"><\/a>\r\n\t\t  <\/div><\/div>\t\r\n\r\n\r\n\r\n<\/div><div class=\"item-columns\">\r\n<div class=\"service-one__single\"><div class=\"service-one__content\"><div class=\"service-one__image\"><img decoding=\"async\" src=\"https:\/\/www.yalcininsaatmakine.com\/wp-content\/uploads\/2024\/03\/resim_2024-03-26_171203873-600x500.png\" alt=\"\u5899\u9762\u5de5\u7a0b\"\/><span class=\"service-one__icon\"><i aria-hidden=\"true\" class=\"fas fa-home\"><\/i><\/span><\/div><div class=\"service-one__content-inner\"><h4 class=\"service-one__title\"><span>\u5899\u9762\u5de5\u7a0b<\/span><\/h4><div class=\"service-one__desc\">\u6211\u4eec\u4e3a\u5404\u79cd\u5899\u4f53\u5de5\u7a0b\u63d0\u4f9b\u4f18\u8d28\u7684\u6750\u6599\u548c\u5de5\u827a\u3002\n\n<\/div><\/div>\t\t  <a href=\"https:\/\/www.yalcininsaatmakine.com\/zh\/case\/\u5899\u4f53\u5de5\u7a0b\/\" class=\"service-one__link-overlay\"><\/a>\r\n\t\t  <\/div><\/div>\t\r\n\r\n\r\n\r\n<\/div><div class=\"item-columns\">\r\n<div class=\"service-one__single\"><div class=\"service-one__content\"><div class=\"service-one__image\"><img decoding=\"async\" src=\"https:\/\/www.yalcininsaatmakine.com\/wp-content\/uploads\/2024\/03\/resim_2024-03-25_172537494-600x540.png\" alt=\"\u5899\u7eb8\u5e94\u7528\"\/><span class=\"service-one__icon\"><i aria-hidden=\"true\" class=\"cicon-right\"><\/i><\/span><\/div><div class=\"service-one__content-inner\"><h4 class=\"service-one__title\"><span>\u5899\u7eb8\u5e94\u7528<\/span><\/h4><div class=\"service-one__desc\">\u6211\u4eec\u968f\u65f6\u4e3a\u60a8\u63d0\u4f9b\u4e0d\u540c\u7684\u4f18\u8d28\u5899\u7eb8\u9009\u62e9\uff0c\u4e3a\u60a8\u7684\u7a7a\u95f4\u589e\u6dfb\u65b0\u610f\u3002\n\n<\/div><\/div>\t\t  <a href=\"https:\/\/www.yalcininsaatmakine.com\/zh\/case\/\u5899\u7eb8\u5e94\u7528\/\" class=\"service-one__link-overlay\" target=\"_blank\"><\/a>\r\n\t\t  <\/div><\/div>\t\r\n\r\n\r\n\r\n<\/div><div class=\"item-columns\">\r\n<div class=\"service-one__single\"><div class=\"service-one__content\"><div class=\"service-one__image\"><img decoding=\"async\" src=\"https:\/\/www.yalcininsaatmakine.com\/wp-content\/uploads\/2024\/03\/resim_2024-03-26_171906226-600x540.png\" alt=\"\u5e72\u5899\u5de5\u7a0b\"\/><span class=\"service-one__icon\"><i aria-hidden=\"true\" class=\"fas fa-home\"><\/i><\/span><\/div><div class=\"service-one__content-inner\"><h4 class=\"service-one__title\"><span>\u5e72\u5899\u5de5\u7a0b<\/span><\/h4><div class=\"service-one__desc\">\u6211\u4eec\u901a\u8fc7\u529f\u80fd\u6027\u548c\u7f8e\u89c2\u6027\u517c\u5177\u7684\u77f3\u818f\u677f\u89e3\u51b3\u65b9\u6848\uff0c\u8ba9\u60a8\u7684\u7a7a\u95f4\u66f4\u52a0\u5b9e\u7528\u548c\u65f6\u5c1a\u3002\n\n<\/div><\/div>\t\t  <a href=\"https:\/\/www.yalcininsaatmakine.com\/zh\/case\/\u963f\u5c14\u57fa\u6f58\u5de5\u7a0b\/\" class=\"service-one__link-overlay\"><\/a>\r\n\t\t  <\/div><\/div>\t\r\n\r\n\r\n\r\n<\/div><div class=\"item-columns\">\r\n<div class=\"service-one__single\"><div class=\"service-one__content\"><div class=\"service-one__image\"><img decoding=\"async\" src=\"https:\/\/www.yalcininsaatmakine.com\/wp-content\/uploads\/2024\/03\/Adsiz-tasarim-56-600x540.png\" alt=\"\u6cb9\u6f06\u548c\u7ffb\u65b0\u5de5\u7a0b\"\/><span class=\"service-one__icon\"><i aria-hidden=\"true\" class=\"fas fa-home\"><\/i><\/span><\/div><div class=\"service-one__content-inner\"><h4 class=\"service-one__title\"><span>\u6cb9\u6f06\u548c\u7ffb\u65b0\u5de5\u7a0b<\/span><\/h4><div class=\"service-one__desc\">\u4ea4\u94a5\u5319\u5ba4\u5185\u5916\u88c5\u9970\u3001\u6cb9\u6f06\u3001\u7ba1\u9053\u7ffb\u65b0\u548c\u7ef4\u4fee\u670d\u52a1\u3002<\/div><\/div>\t\t  <a href=\"https:\/\/www.yalcininsaatmakine.com\/zh\/case\/\u6cb9\u6f06\u548c\u7ffb\u65b0\u5de5\u7a0b\/\" class=\"service-one__link-overlay\"><\/a>\r\n\t\t  <\/div><\/div>\t\r\n\r\n\r\n\r\n<\/div><div class=\"item-columns\">\r\n<div class=\"service-one__single\"><div class=\"service-one__content\"><div class=\"service-one__image\"><img decoding=\"async\" src=\"https:\/\/www.yalcininsaatmakine.com\/wp-content\/uploads\/2024\/03\/resim_2024-03-26_172513907-600x540.png\" alt=\"\u77f3\u818f\u548c\u77f3\u818f\u88c5\u9970\u5de5\u7a0b \"\/><span class=\"service-one__icon\"><i aria-hidden=\"true\" class=\"fas fa-home\"><\/i><\/span><\/div><div class=\"service-one__content-inner\"><h4 class=\"service-one__title\"><span>\u77f3\u818f\u548c\u77f3\u818f\u88c5\u9970\u5de5\u7a0b <\/span><\/h4><div class=\"service-one__desc\">\u5728\u62b9\u7070\u5de5\u7a0b\u548c\u88c5\u9970\u65b9\u9762\uff0c\u6211\u4eec\u63d0\u4f9b\u7f8e\u5b66\u4e0e\u529f\u80fd\u76f8\u7ed3\u5408\u7684\u89e3\u51b3\u65b9\u6848\uff0c\u7f8e\u5316\u60a8\u7684\u7a7a\u95f4\u3002<\/div><\/div>\t\t  <a href=\"https:\/\/www.yalcininsaatmakine.com\/zh\/case\/\u77f3\u818f\u548c\u77f3\u818f\u88c5\u9970\u5de5\u7a0b\/\" class=\"service-one__link-overlay\"><\/a>\r\n\t\t  <\/div><\/div>\t\r\n\r\n\r\n\r\n<\/div>   <\/div>\r\n<\/div>\r\n<\/div>\t\t\t\t<\/div>\n\t\t\t\t<\/div>\n\t\t\t\t\t<\/div>\n\t\t<\/div>\n\t\t\t\t\t<\/div>\n\t\t<\/section>\n\t\t\t\t<section class=\"elementor-section elementor-top-section elementor-element elementor-element-c6640ea elementor-section-boxed elementor-section-height-default elementor-section-height-default\" data-id=\"c6640ea\" data-element_type=\"section\" data-e-type=\"section\">\n\t\t\t\t\t\t<div class=\"elementor-container elementor-column-gap-default\">\n\t\t\t\t\t<div class=\"elementor-column elementor-col-50 elementor-top-column elementor-element elementor-element-e0f5378\" data-id=\"e0f5378\" data-element_type=\"column\" data-e-type=\"column\" data-settings=\"{&quot;background_background&quot;:&quot;classic&quot;}\">\n\t\t\t<div class=\"elementor-widget-wrap elementor-element-populated\">\n\t\t\t\t\t\t<div class=\"elementor-element elementor-element-c609c09 elementor-widget elementor-widget-spacer\" data-id=\"c609c09\" data-element_type=\"widget\" data-e-type=\"widget\" data-widget_type=\"spacer.default\">\n\t\t\t\t<div class=\"elementor-widget-container\">\n\t\t\t\t\t\t\t<div class=\"elementor-spacer\">\n\t\t\t<div class=\"elementor-spacer-inner\"><\/div>\n\t\t<\/div>\n\t\t\t\t\t\t<\/div>\n\t\t\t\t<\/div>\n\t\t\t\t\t<\/div>\n\t\t<\/div>\n\t\t\t\t<div class=\"elementor-column elementor-col-50 elementor-top-column elementor-element elementor-element-919ea17\" data-id=\"919ea17\" data-element_type=\"column\" data-e-type=\"column\" data-settings=\"{&quot;background_background&quot;:&quot;classic&quot;}\">\n\t\t\t<div class=\"elementor-widget-wrap elementor-element-populated\">\n\t\t\t\t\t<div class=\"elementor-background-overlay\"><\/div>\n\t\t\t\t\t\t<div class=\"elementor-element elementor-element-6bcafc7 elementor-widget elementor-widget-heading\" data-id=\"6bcafc7\" data-element_type=\"widget\" data-e-type=\"widget\" data-widget_type=\"heading.default\">\n\t\t\t\t<div class=\"elementor-widget-container\">\n\t\t\t\t\t<h2 class=\"elementor-heading-title elementor-size-default\">\u4e3a\u4ec0\u4e48\u9009\u62e9\u6211\u4eec\uff1f<\/h2>\t\t\t\t<\/div>\n\t\t\t\t<\/div>\n\t\t\t\t<div class=\"elementor-element elementor-element-dc73997 elementor-widget elementor-widget-text-editor\" data-id=\"dc73997\" data-element_type=\"widget\" data-e-type=\"widget\" data-widget_type=\"text-editor.default\">\n\t\t\t\t<div class=\"elementor-widget-container\">\n\t\t\t\t\t\t\t\t\t\u9009\u62e9 Yal\u00e7\u0131n Construction &amp; Mobile Scaffolding\uff0c\u5c31\u610f\u5473\u7740\u9009\u62e9\u4e86\u4e13\u4e1a\u77e5\u8bc6\u3001\u53ef\u9760\u6027\u548c\u8d28\u91cf\u3002\u6211\u4eec\u62e5\u6709 25 \u5e74\u7684\u884c\u4e1a\u7ecf\u9a8c\uff0c\u53ef\u4e3a\u60a8\u7684\u9879\u76ee\u63d0\u4f9b\u9ad8\u5b89\u5168\u6807\u51c6\u548c\u5353\u8d8a\u7684\u5ba2\u6237\u6ee1\u610f\u5ea6\u3002 \t\t\t\t\t\t\t\t<\/div>\n\t\t\t\t<\/div>\n\t\t\t\t<div class=\"elementor-element elementor-element-ba27150 elementor-icon-list--layout-traditional elementor-list-item-link-full_width elementor-widget elementor-widget-icon-list\" data-id=\"ba27150\" data-element_type=\"widget\" data-e-type=\"widget\" data-widget_type=\"icon-list.default\">\n\t\t\t\t<div class=\"elementor-widget-container\">\n\t\t\t\t\t\t\t<ul class=\"elementor-icon-list-items\">\n\t\t\t\t\t\t\t<li class=\"elementor-icon-list-item\">\n\t\t\t\t\t\t\t\t\t\t\t<span class=\"elementor-icon-list-icon\">\n\t\t\t\t\t\t\t<i aria-hidden=\"true\" class=\"fas fa-check-circle\"><\/i>\t\t\t\t\t\t<\/span>\n\t\t\t\t\t\t\t\t\t\t<span class=\"elementor-icon-list-text\">\u6211\u4eec\u7ecf\u9a8c\u4e30\u5bcc\u7684\u56e2\u961f\u4e86\u89e3\u6bcf\u4e2a\u9879\u76ee\u7684\u72ec\u7279\u9700\u6c42\uff0c\u5e76\u4e3a\u5ba2\u6237\u91cf\u8eab\u5b9a\u5236\u89e3\u51b3\u65b9\u6848\u3002<\/span>\n\t\t\t\t\t\t\t\t\t<\/li>\n\t\t\t\t\t\t\t\t<li class=\"elementor-icon-list-item\">\n\t\t\t\t\t\t\t\t\t\t\t<span class=\"elementor-icon-list-icon\">\n\t\t\t\t\t\t\t<i aria-hidden=\"true\" class=\"fas fa-check-circle\"><\/i>\t\t\t\t\t\t<\/span>\n\t\t\t\t\t\t\t\t\t\t<span class=\"elementor-icon-list-text\">\u6211\u4eec\u5bf9\u8d28\u91cf\u548c\u5b89\u5168\u7684\u575a\u5b9a\u627f\u8bfa\u53ef\u786e\u4fdd\u60a8\u7684\u9879\u76ee\u5728\u9884\u7b97\u8303\u56f4\u5185\u6309\u65f6\u5b8c\u6210\u3002<\/span>\n\t\t\t\t\t\t\t\t\t<\/li>\n\t\t\t\t\t\t\t\t<li class=\"elementor-icon-list-item\">\n\t\t\t\t\t\t\t\t\t\t\t<span class=\"elementor-icon-list-icon\">\n\t\t\t\t\t\t\t<i aria-hidden=\"true\" class=\"fas fa-check-circle\"><\/i>\t\t\t\t\t\t<\/span>\n\t\t\t\t\t\t\t\t\t\t<span class=\"elementor-icon-list-text\">\u9009\u62e9 Yal\u00e7\u0131n Construction &amp; Mobile Scaffolding\uff08\u96c5\u5c14\u5947\u5efa\u7b51\u4e0e\u6d3b\u52a8\u811a\u624b\u67b6\u516c\u53f8\uff09\uff0c\u60a8\u7684\u9879\u76ee\u5c06\u5728\u6700\u5b89\u5168\u7684\u624b\u4e2d\u63a8\u8fdb\u3002<\/span>\n\t\t\t\t\t\t\t\t\t<\/li>\n\t\t\t\t\t\t<\/ul>\n\t\t\t\t\t\t<\/div>\n\t\t\t\t<\/div>\n\t\t\t\t\t<\/div>\n\t\t<\/div>\n\t\t\t\t\t<\/div>\n\t\t<\/section>\n\t\t\t\t<\/div>","protected":false},"excerpt":{"rendered":"<p>Hizmetlerimiz Ne Sunuyoruz Verdi\u011fimiz Hizmetler Botanik&amp;Park-Bah\u00e7e&amp;Dekorasyon Kamu ve \u00f6zel kurulu\u015flar ba\u015fta olmak \u00fczere, villa ve bah\u00e7eli evleriniz i\u00e7in botanik bah\u00e7e, park-bah\u00e7e ve dekorasyon i\u015fleri profesyonel ekibimiz taraf\u0131ndan titizlikle ger\u00e7ekle\u015ftirilmektedir. \u00c7at\u0131&amp; [&hellip;]<\/p>","protected":false},"author":1,"featured_media":0,"parent":0,"menu_order":0,"comment_status":"closed","ping_status":"closed","template":"","meta":{"_joinchat":[],"footnotes":""},"class_list":["post-37","page","type-page","status-publish","hentry"],"_links":{"self":[{"href":"https:\/\/www.yalcininsaatmakine.com\/zh\/wp-json\/wp\/v2\/pages\/37","targetHints":{"allow":["GET"]}}],"collection":[{"href":"https:\/\/www.yalcininsaatmakine.com\/zh\/wp-json\/wp\/v2\/pages"}],"about":[{"href":"https:\/\/www.yalcininsaatmakine.com\/zh\/wp-json\/wp\/v2\/types\/page"}],"author":[{"embeddable":true,"href":"https:\/\/www.yalcininsaatmakine.com\/zh\/wp-json\/wp\/v2\/users\/1"}],"replies":[{"embeddable":true,"href":"https:\/\/www.yalcininsaatmakine.com\/zh\/wp-json\/wp\/v2\/comments?post=37"}],"version-history":[{"count":66,"href":"https:\/\/www.yalcininsaatmakine.com\/zh\/wp-json\/wp\/v2\/pages\/37\/revisions"}],"predecessor-version":[{"id":1341,"href":"https:\/\/www.yalcininsaatmakine.com\/zh\/wp-json\/wp\/v2\/pages\/37\/revisions\/1341"}],"wp:attachment":[{"href":"https:\/\/www.yalcininsaatmakine.com\/zh\/wp-json\/wp\/v2\/media?parent=37"}],"curies":[{"name":"wp","href":"https:\/\/api.w.org\/{rel}","templated":true}]}}