{"id":37,"date":"2022-12-19T02:32:04","date_gmt":"2022-12-19T02:32:04","guid":{"rendered":"https:\/\/gaviaspreview.com\/wp\/constix\/?page_id=37"},"modified":"2024-09-11T14:49:23","modified_gmt":"2024-09-11T14:49:23","slug":"hizmetlerimiz","status":"publish","type":"page","link":"https:\/\/www.yalcininsaatmakine.com\/it\/i-nostri-servizi\/","title":{"rendered":"I nostri servizi"},"content":{"rendered":"<div data-elementor-type=\"wp-page\" data-elementor-id=\"37\" class=\"elementor elementor-37\">\n\t\t\t\t\t\t<section class=\"elementor-section elementor-top-section elementor-element elementor-element-67152ff elementor-section-boxed elementor-section-height-default elementor-section-height-default\" data-id=\"67152ff\" data-element_type=\"section\" data-e-type=\"section\" data-settings=\"{&quot;background_background&quot;:&quot;slideshow&quot;,&quot;background_slideshow_gallery&quot;:[{&quot;id&quot;:177,&quot;url&quot;:&quot;https:\\\/\\\/gaviaspreview.com\\\/wp\\\/constix\\\/wp-content\\\/uploads\\\/2023\\\/01\\\/breadcrumb-01.jpg&quot;},{&quot;id&quot;:178,&quot;url&quot;:&quot;https:\\\/\\\/gaviaspreview.com\\\/wp\\\/constix\\\/wp-content\\\/uploads\\\/2023\\\/01\\\/breadcrumb-02.jpg&quot;}],&quot;background_slideshow_ken_burns&quot;:&quot;yes&quot;,&quot;background_slideshow_loop&quot;:&quot;yes&quot;,&quot;background_slideshow_slide_duration&quot;:5000,&quot;background_slideshow_slide_transition&quot;:&quot;fade&quot;,&quot;background_slideshow_transition_duration&quot;:500,&quot;background_slideshow_ken_burns_zoom_direction&quot;:&quot;in&quot;}\">\n\t\t\t\t\t\t\t<div class=\"elementor-background-overlay\"><\/div>\n\t\t\t\t\t\t\t<div class=\"elementor-container elementor-column-gap-default\">\n\t\t\t\t\t<div class=\"elementor-column elementor-col-100 elementor-top-column elementor-element elementor-element-108d99c\" data-id=\"108d99c\" data-element_type=\"column\" data-e-type=\"column\">\n\t\t\t<div class=\"elementor-widget-wrap elementor-element-populated\">\n\t\t\t\t\t\t<div class=\"elementor-element elementor-element-07bec2e elementor-widget elementor-widget-gva-heading-block\" data-id=\"07bec2e\" data-element_type=\"widget\" data-e-type=\"widget\" data-widget_type=\"gva-heading-block.default\">\n\t\t\t\t<div class=\"elementor-widget-container\">\n\t\t\t\t\t<div class=\"gva-element-gva-heading-block gva-element\">   <div class=\"align-left style-1 widget gsc-heading box-align-left auto-responsive\">\r\n      <div class=\"content-inner\">\r\n         \r\n                  \r\n            \r\n         \r\n                     <h2 class=\"title\">\r\n               <span>I nostri servizi<\/span>\r\n            <\/h2>\r\n                  \r\n         \r\n         \r\n      <\/div>\r\n   <\/div>\r\n<\/div>\t\t\t\t<\/div>\n\t\t\t\t<\/div>\n\t\t\t\t\t<\/div>\n\t\t<\/div>\n\t\t\t\t\t<\/div>\n\t\t<\/section>\n\t\t\t\t<section class=\"elementor-section elementor-top-section elementor-element elementor-element-dd07740 elementor-section-boxed elementor-section-height-default elementor-section-height-default\" data-id=\"dd07740\" data-element_type=\"section\" data-e-type=\"section\">\n\t\t\t\t\t\t<div class=\"elementor-container elementor-column-gap-default\">\n\t\t\t\t\t<div class=\"elementor-column elementor-col-100 elementor-top-column elementor-element elementor-element-1e099e8\" data-id=\"1e099e8\" data-element_type=\"column\" data-e-type=\"column\">\n\t\t\t<div class=\"elementor-widget-wrap\">\n\t\t\t\t\t\t\t<\/div>\n\t\t<\/div>\n\t\t\t\t\t<\/div>\n\t\t<\/section>\n\t\t\t\t<section class=\"elementor-section elementor-top-section elementor-element elementor-element-ee08d72 elementor-section-boxed elementor-section-height-default elementor-section-height-default\" data-id=\"ee08d72\" data-element_type=\"section\" data-e-type=\"section\">\n\t\t\t\t\t\t<div class=\"elementor-container elementor-column-gap-default\">\n\t\t\t\t\t<div class=\"elementor-column elementor-col-100 elementor-top-column elementor-element elementor-element-697956a\" data-id=\"697956a\" data-element_type=\"column\" data-e-type=\"column\">\n\t\t\t<div class=\"elementor-widget-wrap elementor-element-populated\">\n\t\t\t\t\t\t<div class=\"elementor-element elementor-element-5c59828 elementor-widget elementor-widget-gva-heading-block\" data-id=\"5c59828\" data-element_type=\"widget\" data-e-type=\"widget\" data-widget_type=\"gva-heading-block.default\">\n\t\t\t\t<div class=\"elementor-widget-container\">\n\t\t\t\t\t<div class=\"gva-element-gva-heading-block gva-element\">   <div class=\"align-center style-1 widget gsc-heading box-align-left auto-responsive\">\r\n      <div class=\"content-inner\">\r\n         \r\n                  \r\n         <div class=\"sub-title\"><span class=\"heading-icon\"><\/span><span class=\"tagline\">Cosa offriamo<\/span><\/div>   \r\n         \r\n                     <h2 class=\"title\">\r\n               <span>Servizi offerti<\/span>\r\n            <\/h2>\r\n                  \r\n         \r\n         \r\n      <\/div>\r\n   <\/div>\r\n<\/div>\t\t\t\t<\/div>\n\t\t\t\t<\/div>\n\t\t\t\t<div class=\"elementor-element elementor-element-7c910a6 elementor-widget elementor-widget-gva-services\" data-id=\"7c910a6\" data-element_type=\"widget\" data-e-type=\"widget\" data-widget_type=\"gva-services.default\">\n\t\t\t\t<div class=\"elementor-widget-container\">\n\t\t\t\t\t<div class=\"gva-element-gva-services gva-element\">\r\n<div class=\"gsc-services layout-grid\">\r\n   <div class=\"lg-block-grid-3 md-block-grid-3 sm-block-grid-2 xs-block-grid-2 xx-block-grid-1\">\r\n      <div class=\"item-columns\">\r\n<div class=\"service-one__single\"><div class=\"service-one__content\"><div class=\"service-one__image\"><img decoding=\"async\" src=\"https:\/\/www.yalcininsaatmakine.com\/wp-content\/uploads\/2024\/03\/resim_2024-03-26_173126748-600x540.png\" alt=\"Botanica&amp;Parco-Giardino e decorazione\"\/><span class=\"service-one__icon\"><i aria-hidden=\"true\" class=\"cicon-right\"><\/i><\/span><\/div><div class=\"service-one__content-inner\"><h4 class=\"service-one__title\"><span>Botanica&amp;Parco-Giardino e decorazione<\/span><\/h4><div class=\"service-one__desc\">I lavori di orto botanico, parco-giardino e decorazione delle vostre ville e case-giardino, in particolare per istituzioni pubbliche e private, sono eseguiti con cura dal nostro team di professionisti.<\/div><\/div>\t\t  <a href=\"https:\/\/www.yalcininsaatmakine.com\/it\/case\/parco-botanico-bahcedekorasyon\/\" class=\"service-one__link-overlay\" target=\"_blank\"><\/a>\r\n\t\t  <\/div><\/div>\t\r\n\r\n\r\n\r\n<\/div><div class=\"item-columns\">\r\n<div class=\"service-one__single\"><div class=\"service-one__content\"><div class=\"service-one__image\"><img decoding=\"async\" src=\"https:\/\/www.yalcininsaatmakine.com\/wp-content\/uploads\/2024\/03\/resim_2024-03-25_173215438-600x540.png\" alt=\"Tetto e grondaie &amp; Pimage\"\/><span class=\"service-one__icon\"><i aria-hidden=\"true\" class=\"cicon-right\"><\/i><\/span><\/div><div class=\"service-one__content-inner\"><h4 class=\"service-one__title\"><span>Tetto e grondaie &amp; Pimage<\/span><\/h4><div class=\"service-one__desc\">Le operazioni di pulizia, isolamento e riparazione delle grondaie vengono eseguite dal nostro team di esperti per prolungare la vita del vostro tetto e garantire il drenaggio dell'acqua piovana.<\/div><\/div>\t\t  <a href=\"https:\/\/www.yalcininsaatmakine.com\/it\/case\/grondaie-e-coperture-per-tetti\/\" class=\"service-one__link-overlay\" target=\"_blank\"><\/a>\r\n\t\t  <\/div><\/div>\t\r\n\r\n\r\n\r\n<\/div><div class=\"item-columns\">\r\n<div class=\"service-one__single\"><div class=\"service-one__content\"><div class=\"service-one__image\"><img decoding=\"async\" src=\"https:\/\/www.yalcininsaatmakine.com\/wp-content\/uploads\/2024\/03\/resim_2024-03-25_173703234-600x540.png\" alt=\"Lavori in cartongesso\"\/><span class=\"service-one__icon\"><i aria-hidden=\"true\" class=\"cicon-right\"><\/i><\/span><\/div><div class=\"service-one__content-inner\"><h4 class=\"service-one__title\"><span>Lavori in cartongesso<\/span><\/h4><div class=\"service-one__desc\">Aggiungiamo valore ai vostri spazi con applicazioni in cartongesso che aumenteranno l'estetica dei vostri spazi interni.\n\n<\/div><\/div>\t\t  <a href=\"https:\/\/www.yalcininsaatmakine.com\/it\/case\/lavori-in-cartongesso\/\" class=\"service-one__link-overlay\" target=\"_blank\"><\/a>\r\n\t\t  <\/div><\/div>\t\r\n\r\n\r\n\r\n<\/div><div class=\"item-columns\">\r\n<div class=\"service-one__single\"><div class=\"service-one__content\"><div class=\"service-one__image\"><img decoding=\"async\" src=\"https:\/\/www.yalcininsaatmakine.com\/wp-content\/uploads\/2024\/03\/Adsiz-tasarim-55-600x540.png\" alt=\"Guaina\"\/><span class=\"service-one__icon\"><i aria-hidden=\"true\" class=\"cicon-right\"><\/i><\/span><\/div><div class=\"service-one__content-inner\"><h4 class=\"service-one__title\"><span>Guaina<\/span><\/h4><div class=\"service-one__desc\">Offriamo soluzioni di guaina che garantiscono il massimo isolamento termico e risparmio energetico nei vostri edifici. Creiamo uno spazio abitativo confortevole ed economico prevenendo le perdite di calore.\n\n<\/div><\/div>\t\t  <a href=\"https:\/\/www.yalcininsaatmakine.com\/it\/case\/guaina\/\" class=\"service-one__link-overlay\" target=\"_blank\"><\/a>\r\n\t\t  <\/div><\/div>\t\r\n\r\n\r\n\r\n<\/div><div class=\"item-columns\">\r\n<div class=\"service-one__single\"><div class=\"service-one__content\"><div class=\"service-one__image\"><img decoding=\"async\" src=\"https:\/\/www.yalcininsaatmakine.com\/wp-content\/uploads\/2024\/03\/IMG-20240327-WA0005-600x540.jpg\" alt=\"Ponteggi a piattaforma\"\/><span class=\"service-one__icon\"><i aria-hidden=\"true\" class=\"cicon-right\"><\/i><\/span><\/div><div class=\"service-one__content-inner\"><h4 class=\"service-one__title\"><span>Ponteggi a piattaforma<\/span><\/h4><div class=\"service-one__desc\">Come requisito delle moderne tecniche di costruzione, i ponteggi a piattaforma consentono di accelerare i progetti e di aumentare la sicurezza e l'accessibilit\u00e0 delle aree di lavoro.<\/div><\/div>\t\t  <a href=\"https:\/\/www.yalcininsaatmakine.com\/it\/case\/ponteggi-a-piattaforma\/\" class=\"service-one__link-overlay\" target=\"_blank\"><\/a>\r\n\t\t  <\/div><\/div>\t\r\n\r\n\r\n\r\n<\/div><div class=\"item-columns\">\r\n<div class=\"service-one__single\"><div class=\"service-one__content\"><div class=\"service-one__image\"><img decoding=\"async\" src=\"https:\/\/www.yalcininsaatmakine.com\/wp-content\/uploads\/2024\/03\/resim_2024-03-26_170908675-600x540.png\" alt=\"Opere in gesso nero\"\/><span class=\"service-one__icon\"><i aria-hidden=\"true\" class=\"fas fa-home\"><\/i><\/span><\/div><div class=\"service-one__content-inner\"><h4 class=\"service-one__title\"><span>Opere in gesso nero<\/span><\/h4><div class=\"service-one__desc\">Realizziamo applicazioni di intonaco grezzo che proteggono le pareti da fattori esterni e forniscono una superficie liscia.<\/div><\/div>\t\t  <a href=\"https:\/\/www.yalcininsaatmakine.com\/it\/case\/opere-in-gesso-nero\/\" class=\"service-one__link-overlay\"><\/a>\r\n\t\t  <\/div><\/div>\t\r\n\r\n\r\n\r\n<\/div><div class=\"item-columns\">\r\n<div class=\"service-one__single\"><div class=\"service-one__content\"><div class=\"service-one__image\"><img decoding=\"async\" src=\"https:\/\/www.yalcininsaatmakine.com\/wp-content\/uploads\/2024\/03\/resim_2024-03-26_171040680-600x450.png\" alt=\"Piastrelle e lavori in piastrelle\"\/><span class=\"service-one__icon\"><i aria-hidden=\"true\" class=\"fas fa-home\"><\/i><\/span><\/div><div class=\"service-one__content-inner\"><h4 class=\"service-one__title\"><span>Piastrelle e lavori in piastrelle<\/span><\/h4><div class=\"service-one__desc\">Offriamo servizi di applicazione selezionando le piastrelle e i modelli calabresi pi\u00f9 moderni e di alta qualit\u00e0 per i vostri bagni e le vostre cucine.<\/div><\/div>\t\t  <a href=\"https:\/\/www.yalcininsaatmakine.com\/it\/case\/piastrelle-e-lavori-di-piastrellatura-2\/\" class=\"service-one__link-overlay\"><\/a>\r\n\t\t  <\/div><\/div>\t\r\n\r\n\r\n\r\n<\/div><div class=\"item-columns\">\r\n<div class=\"service-one__single\"><div class=\"service-one__content\"><div class=\"service-one__image\"><img decoding=\"async\" src=\"https:\/\/www.yalcininsaatmakine.com\/wp-content\/uploads\/2024\/03\/resim_2024-03-26_171203873-600x500.png\" alt=\"Opere murarie\"\/><span class=\"service-one__icon\"><i aria-hidden=\"true\" class=\"fas fa-home\"><\/i><\/span><\/div><div class=\"service-one__content-inner\"><h4 class=\"service-one__title\"><span>Opere murarie<\/span><\/h4><div class=\"service-one__desc\">Serviamo con materiali e lavorazioni di qualit\u00e0 tutti i tipi di opere murarie.\n\n<\/div><\/div>\t\t  <a href=\"https:\/\/www.yalcininsaatmakine.com\/it\/case\/opere-a-parete\/\" class=\"service-one__link-overlay\"><\/a>\r\n\t\t  <\/div><\/div>\t\r\n\r\n\r\n\r\n<\/div><div class=\"item-columns\">\r\n<div class=\"service-one__single\"><div class=\"service-one__content\"><div class=\"service-one__image\"><img decoding=\"async\" src=\"https:\/\/www.yalcininsaatmakine.com\/wp-content\/uploads\/2024\/03\/resim_2024-03-25_172537494-600x540.png\" alt=\"Applicazioni della carta da parati\"\/><span class=\"service-one__icon\"><i aria-hidden=\"true\" class=\"cicon-right\"><\/i><\/span><\/div><div class=\"service-one__content-inner\"><h4 class=\"service-one__title\"><span>Applicazioni della carta da parati<\/span><\/h4><div class=\"service-one__desc\">Siamo al vostro servizio con opzioni di carta da parati diverse e di alta qualit\u00e0 per aggiungere originalit\u00e0 ai vostri spazi.\n\n<\/div><\/div>\t\t  <a href=\"https:\/\/www.yalcininsaatmakine.com\/it\/case\/applicazioni-di-carta-da-parati\/\" class=\"service-one__link-overlay\" target=\"_blank\"><\/a>\r\n\t\t  <\/div><\/div>\t\r\n\r\n\r\n\r\n<\/div><div class=\"item-columns\">\r\n<div class=\"service-one__single\"><div class=\"service-one__content\"><div class=\"service-one__image\"><img decoding=\"async\" src=\"https:\/\/www.yalcininsaatmakine.com\/wp-content\/uploads\/2024\/03\/resim_2024-03-26_171906226-600x540.png\" alt=\"Opere in cartongesso\"\/><span class=\"service-one__icon\"><i aria-hidden=\"true\" class=\"fas fa-home\"><\/i><\/span><\/div><div class=\"service-one__content-inner\"><h4 class=\"service-one__title\"><span>Opere in cartongesso<\/span><\/h4><div class=\"service-one__desc\">Rendiamo i vostri spazi pi\u00f9 utili ed eleganti con soluzioni funzionali ed estetiche in cartongesso.\n\n<\/div><\/div>\t\t  <a href=\"https:\/\/www.yalcininsaatmakine.com\/it\/case\/opere-di-alcipan\/\" class=\"service-one__link-overlay\"><\/a>\r\n\t\t  <\/div><\/div>\t\r\n\r\n\r\n\r\n<\/div><div class=\"item-columns\">\r\n<div class=\"service-one__single\"><div class=\"service-one__content\"><div class=\"service-one__image\"><img decoding=\"async\" src=\"https:\/\/www.yalcininsaatmakine.com\/wp-content\/uploads\/2024\/03\/Adsiz-tasarim-56-600x540.png\" alt=\"Lavori di pittura e ristrutturazione\"\/><span class=\"service-one__icon\"><i aria-hidden=\"true\" class=\"fas fa-home\"><\/i><\/span><\/div><div class=\"service-one__content-inner\"><h4 class=\"service-one__title\"><span>Lavori di pittura e ristrutturazione<\/span><\/h4><div class=\"service-one__desc\">Servizi chiavi in mano di decorazione interna ed esterna, tinteggiatura, ristrutturazione e riparazione idraulica.<\/div><\/div>\t\t  <a href=\"https:\/\/www.yalcininsaatmakine.com\/it\/case\/lavori-di-pittura-e-ristrutturazione\/\" class=\"service-one__link-overlay\"><\/a>\r\n\t\t  <\/div><\/div>\t\r\n\r\n\r\n\r\n<\/div><div class=\"item-columns\">\r\n<div class=\"service-one__single\"><div class=\"service-one__content\"><div class=\"service-one__image\"><img decoding=\"async\" src=\"https:\/\/www.yalcininsaatmakine.com\/wp-content\/uploads\/2024\/03\/resim_2024-03-26_172513907-600x540.png\" alt=\"Lavori di decorazione in gesso e intonaco \"\/><span class=\"service-one__icon\"><i aria-hidden=\"true\" class=\"fas fa-home\"><\/i><\/span><\/div><div class=\"service-one__content-inner\"><h4 class=\"service-one__title\"><span>Lavori di decorazione in gesso e intonaco <\/span><\/h4><div class=\"service-one__desc\">Nelle opere in gesso e nelle decorazioni, offriamo soluzioni che abbelliscono i vostri spazi combinando estetica e funzionalit\u00e0.<\/div><\/div>\t\t  <a href=\"https:\/\/www.yalcininsaatmakine.com\/it\/case\/lavori-di-decorazione-in-gesso-e-intonaco\/\" class=\"service-one__link-overlay\"><\/a>\r\n\t\t  <\/div><\/div>\t\r\n\r\n\r\n\r\n<\/div>   <\/div>\r\n<\/div>\r\n<\/div>\t\t\t\t<\/div>\n\t\t\t\t<\/div>\n\t\t\t\t\t<\/div>\n\t\t<\/div>\n\t\t\t\t\t<\/div>\n\t\t<\/section>\n\t\t\t\t<section class=\"elementor-section elementor-top-section elementor-element elementor-element-c6640ea elementor-section-boxed elementor-section-height-default elementor-section-height-default\" data-id=\"c6640ea\" data-element_type=\"section\" data-e-type=\"section\">\n\t\t\t\t\t\t<div class=\"elementor-container elementor-column-gap-default\">\n\t\t\t\t\t<div class=\"elementor-column elementor-col-50 elementor-top-column elementor-element elementor-element-e0f5378\" data-id=\"e0f5378\" data-element_type=\"column\" data-e-type=\"column\" data-settings=\"{&quot;background_background&quot;:&quot;classic&quot;}\">\n\t\t\t<div class=\"elementor-widget-wrap elementor-element-populated\">\n\t\t\t\t\t\t<div class=\"elementor-element elementor-element-c609c09 elementor-widget elementor-widget-spacer\" data-id=\"c609c09\" data-element_type=\"widget\" data-e-type=\"widget\" data-widget_type=\"spacer.default\">\n\t\t\t\t<div class=\"elementor-widget-container\">\n\t\t\t\t\t\t\t<div class=\"elementor-spacer\">\n\t\t\t<div class=\"elementor-spacer-inner\"><\/div>\n\t\t<\/div>\n\t\t\t\t\t\t<\/div>\n\t\t\t\t<\/div>\n\t\t\t\t\t<\/div>\n\t\t<\/div>\n\t\t\t\t<div class=\"elementor-column elementor-col-50 elementor-top-column elementor-element elementor-element-919ea17\" data-id=\"919ea17\" data-element_type=\"column\" data-e-type=\"column\" data-settings=\"{&quot;background_background&quot;:&quot;classic&quot;}\">\n\t\t\t<div class=\"elementor-widget-wrap elementor-element-populated\">\n\t\t\t\t\t<div class=\"elementor-background-overlay\"><\/div>\n\t\t\t\t\t\t<div class=\"elementor-element elementor-element-6bcafc7 elementor-widget elementor-widget-heading\" data-id=\"6bcafc7\" data-element_type=\"widget\" data-e-type=\"widget\" data-widget_type=\"heading.default\">\n\t\t\t\t<div class=\"elementor-widget-container\">\n\t\t\t\t\t<h2 class=\"elementor-heading-title elementor-size-default\">Perch\u00e9 dovreste scegliere noi?<\/h2>\t\t\t\t<\/div>\n\t\t\t\t<\/div>\n\t\t\t\t<div class=\"elementor-element elementor-element-dc73997 elementor-widget elementor-widget-text-editor\" data-id=\"dc73997\" data-element_type=\"widget\" data-e-type=\"widget\" data-widget_type=\"text-editor.default\">\n\t\t\t\t<div class=\"elementor-widget-container\">\n\t\t\t\t\t\t\t\t\tScegliere Yal\u00e7\u0131n Construction &amp; Movable Scaffolding significa scegliere competenza, affidabilit\u00e0 e qualit\u00e0. Con 25 anni di esperienza nel settore, offriamo elevati standard di sicurezza e un'eccellente soddisfazione del cliente nei vostri progetti. \t\t\t\t\t\t\t\t<\/div>\n\t\t\t\t<\/div>\n\t\t\t\t<div class=\"elementor-element elementor-element-ba27150 elementor-icon-list--layout-traditional elementor-list-item-link-full_width elementor-widget elementor-widget-icon-list\" data-id=\"ba27150\" data-element_type=\"widget\" data-e-type=\"widget\" data-widget_type=\"icon-list.default\">\n\t\t\t\t<div class=\"elementor-widget-container\">\n\t\t\t\t\t\t\t<ul class=\"elementor-icon-list-items\">\n\t\t\t\t\t\t\t<li class=\"elementor-icon-list-item\">\n\t\t\t\t\t\t\t\t\t\t\t<span class=\"elementor-icon-list-icon\">\n\t\t\t\t\t\t\t<i aria-hidden=\"true\" class=\"fas fa-check-circle\"><\/i>\t\t\t\t\t\t<\/span>\n\t\t\t\t\t\t\t\t\t\t<span class=\"elementor-icon-list-text\">Il nostro team di esperti comprende le esigenze uniche di ogni progetto e sviluppa soluzioni personalizzate.<\/span>\n\t\t\t\t\t\t\t\t\t<\/li>\n\t\t\t\t\t\t\t\t<li class=\"elementor-icon-list-item\">\n\t\t\t\t\t\t\t\t\t\t\t<span class=\"elementor-icon-list-icon\">\n\t\t\t\t\t\t\t<i aria-hidden=\"true\" class=\"fas fa-check-circle\"><\/i>\t\t\t\t\t\t<\/span>\n\t\t\t\t\t\t\t\t\t\t<span class=\"elementor-icon-list-text\">Il nostro impegno costante per la qualit\u00e0 e la sicurezza garantisce che i vostri progetti siano completati nei tempi e nei costi previsti.<\/span>\n\t\t\t\t\t\t\t\t\t<\/li>\n\t\t\t\t\t\t\t\t<li class=\"elementor-icon-list-item\">\n\t\t\t\t\t\t\t\t\t\t\t<span class=\"elementor-icon-list-icon\">\n\t\t\t\t\t\t\t<i aria-hidden=\"true\" class=\"fas fa-check-circle\"><\/i>\t\t\t\t\t\t<\/span>\n\t\t\t\t\t\t\t\t\t\t<span class=\"elementor-icon-list-text\">Scegliendo Yal\u00e7\u0131n Construction &amp; Movable Scaffolding, affidate i vostri progetti alle mani pi\u00f9 sicure.<\/span>\n\t\t\t\t\t\t\t\t\t<\/li>\n\t\t\t\t\t\t<\/ul>\n\t\t\t\t\t\t<\/div>\n\t\t\t\t<\/div>\n\t\t\t\t\t<\/div>\n\t\t<\/div>\n\t\t\t\t\t<\/div>\n\t\t<\/section>\n\t\t\t\t<\/div>","protected":false},"excerpt":{"rendered":"<p>Hizmetlerimiz Ne Sunuyoruz Verdi\u011fimiz Hizmetler Botanik&amp;Park-Bah\u00e7e&amp;Dekorasyon Kamu ve \u00f6zel kurulu\u015flar ba\u015fta olmak \u00fczere, villa ve bah\u00e7eli evleriniz i\u00e7in botanik bah\u00e7e, park-bah\u00e7e ve dekorasyon i\u015fleri profesyonel ekibimiz taraf\u0131ndan titizlikle ger\u00e7ekle\u015ftirilmektedir. \u00c7at\u0131&amp; [&hellip;]<\/p>","protected":false},"author":1,"featured_media":0,"parent":0,"menu_order":0,"comment_status":"closed","ping_status":"closed","template":"","meta":{"_joinchat":[],"footnotes":""},"class_list":["post-37","page","type-page","status-publish","hentry"],"_links":{"self":[{"href":"https:\/\/www.yalcininsaatmakine.com\/it\/wp-json\/wp\/v2\/pages\/37","targetHints":{"allow":["GET"]}}],"collection":[{"href":"https:\/\/www.yalcininsaatmakine.com\/it\/wp-json\/wp\/v2\/pages"}],"about":[{"href":"https:\/\/www.yalcininsaatmakine.com\/it\/wp-json\/wp\/v2\/types\/page"}],"author":[{"embeddable":true,"href":"https:\/\/www.yalcininsaatmakine.com\/it\/wp-json\/wp\/v2\/users\/1"}],"replies":[{"embeddable":true,"href":"https:\/\/www.yalcininsaatmakine.com\/it\/wp-json\/wp\/v2\/comments?post=37"}],"version-history":[{"count":66,"href":"https:\/\/www.yalcininsaatmakine.com\/it\/wp-json\/wp\/v2\/pages\/37\/revisions"}],"predecessor-version":[{"id":1341,"href":"https:\/\/www.yalcininsaatmakine.com\/it\/wp-json\/wp\/v2\/pages\/37\/revisions\/1341"}],"wp:attachment":[{"href":"https:\/\/www.yalcininsaatmakine.com\/it\/wp-json\/wp\/v2\/media?parent=37"}],"curies":[{"name":"wp","href":"https:\/\/api.w.org\/{rel}","templated":true}]}}