{"id":37,"date":"2022-12-19T02:32:04","date_gmt":"2022-12-19T02:32:04","guid":{"rendered":"https:\/\/gaviaspreview.com\/wp\/constix\/?page_id=37"},"modified":"2024-09-11T14:49:23","modified_gmt":"2024-09-11T14:49:23","slug":"hizmetlerimiz","status":"publish","type":"page","link":"https:\/\/www.yalcininsaatmakine.com\/de\/unsere-dienstleistungen\/","title":{"rendered":"Unsere Dienstleistungen"},"content":{"rendered":"<div data-elementor-type=\"wp-page\" data-elementor-id=\"37\" class=\"elementor elementor-37\">\n\t\t\t\t\t\t<section class=\"elementor-section elementor-top-section elementor-element elementor-element-67152ff elementor-section-boxed elementor-section-height-default elementor-section-height-default\" data-id=\"67152ff\" data-element_type=\"section\" data-e-type=\"section\" data-settings=\"{&quot;background_background&quot;:&quot;slideshow&quot;,&quot;background_slideshow_gallery&quot;:[{&quot;id&quot;:177,&quot;url&quot;:&quot;https:\\\/\\\/gaviaspreview.com\\\/wp\\\/constix\\\/wp-content\\\/uploads\\\/2023\\\/01\\\/breadcrumb-01.jpg&quot;},{&quot;id&quot;:178,&quot;url&quot;:&quot;https:\\\/\\\/gaviaspreview.com\\\/wp\\\/constix\\\/wp-content\\\/uploads\\\/2023\\\/01\\\/breadcrumb-02.jpg&quot;}],&quot;background_slideshow_ken_burns&quot;:&quot;yes&quot;,&quot;background_slideshow_loop&quot;:&quot;yes&quot;,&quot;background_slideshow_slide_duration&quot;:5000,&quot;background_slideshow_slide_transition&quot;:&quot;fade&quot;,&quot;background_slideshow_transition_duration&quot;:500,&quot;background_slideshow_ken_burns_zoom_direction&quot;:&quot;in&quot;}\">\n\t\t\t\t\t\t\t<div class=\"elementor-background-overlay\"><\/div>\n\t\t\t\t\t\t\t<div class=\"elementor-container elementor-column-gap-default\">\n\t\t\t\t\t<div class=\"elementor-column elementor-col-100 elementor-top-column elementor-element elementor-element-108d99c\" data-id=\"108d99c\" data-element_type=\"column\" data-e-type=\"column\">\n\t\t\t<div class=\"elementor-widget-wrap elementor-element-populated\">\n\t\t\t\t\t\t<div class=\"elementor-element elementor-element-07bec2e elementor-widget elementor-widget-gva-heading-block\" data-id=\"07bec2e\" data-element_type=\"widget\" data-e-type=\"widget\" data-widget_type=\"gva-heading-block.default\">\n\t\t\t\t<div class=\"elementor-widget-container\">\n\t\t\t\t\t<div class=\"gva-element-gva-heading-block gva-element\">   <div class=\"align-left style-1 widget gsc-heading box-align-left auto-responsive\">\r\n      <div class=\"content-inner\">\r\n         \r\n                  \r\n            \r\n         \r\n                     <h2 class=\"title\">\r\n               <span>Unsere Dienstleistungen<\/span>\r\n            <\/h2>\r\n                  \r\n         \r\n         \r\n      <\/div>\r\n   <\/div>\r\n<\/div>\t\t\t\t<\/div>\n\t\t\t\t<\/div>\n\t\t\t\t\t<\/div>\n\t\t<\/div>\n\t\t\t\t\t<\/div>\n\t\t<\/section>\n\t\t\t\t<section class=\"elementor-section elementor-top-section elementor-element elementor-element-dd07740 elementor-section-boxed elementor-section-height-default elementor-section-height-default\" data-id=\"dd07740\" data-element_type=\"section\" data-e-type=\"section\">\n\t\t\t\t\t\t<div class=\"elementor-container elementor-column-gap-default\">\n\t\t\t\t\t<div class=\"elementor-column elementor-col-100 elementor-top-column elementor-element elementor-element-1e099e8\" data-id=\"1e099e8\" data-element_type=\"column\" data-e-type=\"column\">\n\t\t\t<div class=\"elementor-widget-wrap\">\n\t\t\t\t\t\t\t<\/div>\n\t\t<\/div>\n\t\t\t\t\t<\/div>\n\t\t<\/section>\n\t\t\t\t<section class=\"elementor-section elementor-top-section elementor-element elementor-element-ee08d72 elementor-section-boxed elementor-section-height-default elementor-section-height-default\" data-id=\"ee08d72\" data-element_type=\"section\" data-e-type=\"section\">\n\t\t\t\t\t\t<div class=\"elementor-container elementor-column-gap-default\">\n\t\t\t\t\t<div class=\"elementor-column elementor-col-100 elementor-top-column elementor-element elementor-element-697956a\" data-id=\"697956a\" data-element_type=\"column\" data-e-type=\"column\">\n\t\t\t<div class=\"elementor-widget-wrap elementor-element-populated\">\n\t\t\t\t\t\t<div class=\"elementor-element elementor-element-5c59828 elementor-widget elementor-widget-gva-heading-block\" data-id=\"5c59828\" data-element_type=\"widget\" data-e-type=\"widget\" data-widget_type=\"gva-heading-block.default\">\n\t\t\t\t<div class=\"elementor-widget-container\">\n\t\t\t\t\t<div class=\"gva-element-gva-heading-block gva-element\">   <div class=\"align-center style-1 widget gsc-heading box-align-left auto-responsive\">\r\n      <div class=\"content-inner\">\r\n         \r\n                  \r\n         <div class=\"sub-title\"><span class=\"heading-icon\"><\/span><span class=\"tagline\">Was wir anbieten<\/span><\/div>   \r\n         \r\n                     <h2 class=\"title\">\r\n               <span>Unser Angebot an Dienstleistungen<\/span>\r\n            <\/h2>\r\n                  \r\n         \r\n         \r\n      <\/div>\r\n   <\/div>\r\n<\/div>\t\t\t\t<\/div>\n\t\t\t\t<\/div>\n\t\t\t\t<div class=\"elementor-element elementor-element-7c910a6 elementor-widget elementor-widget-gva-services\" data-id=\"7c910a6\" data-element_type=\"widget\" data-e-type=\"widget\" data-widget_type=\"gva-services.default\">\n\t\t\t\t<div class=\"elementor-widget-container\">\n\t\t\t\t\t<div class=\"gva-element-gva-services gva-element\">\r\n<div class=\"gsc-services layout-grid\">\r\n   <div class=\"lg-block-grid-3 md-block-grid-3 sm-block-grid-2 xs-block-grid-2 xx-block-grid-1\">\r\n      <div class=\"item-columns\">\r\n<div class=\"service-one__single\"><div class=\"service-one__content\"><div class=\"service-one__image\"><img decoding=\"async\" src=\"https:\/\/www.yalcininsaatmakine.com\/wp-content\/uploads\/2024\/03\/resim_2024-03-26_173126748-600x540.png\" alt=\"Botanik&amp;Park-Garten &amp; Dekoration\"\/><span class=\"service-one__icon\"><i aria-hidden=\"true\" class=\"cicon-right\"><\/i><\/span><\/div><div class=\"service-one__content-inner\"><h4 class=\"service-one__title\"><span>Botanik&amp;Park-Garten &amp; Dekoration<\/span><\/h4><div class=\"service-one__desc\">Botanische Garten-, Parkgarten- und Dekorationsarbeiten f\u00fcr Ihre Villen und Gartenh\u00e4user, insbesondere f\u00fcr \u00f6ffentliche und private Einrichtungen, werden von unserem professionellen Team sorgf\u00e4ltig ausgef\u00fchrt.<\/div><\/div>\t\t  <a href=\"https:\/\/www.yalcininsaatmakine.com\/de\/case\/botanikpark-bahcedekorasyon\/\" class=\"service-one__link-overlay\" target=\"_blank\"><\/a>\r\n\t\t  <\/div><\/div>\t\r\n\r\n\r\n\r\n<\/div><div class=\"item-columns\">\r\n<div class=\"service-one__single\"><div class=\"service-one__content\"><div class=\"service-one__image\"><img decoding=\"async\" src=\"https:\/\/www.yalcininsaatmakine.com\/wp-content\/uploads\/2024\/03\/resim_2024-03-25_173215438-600x540.png\" alt=\"Dach &amp; Dachrinne &amp; Pimage\"\/><span class=\"service-one__icon\"><i aria-hidden=\"true\" class=\"cicon-right\"><\/i><\/span><\/div><div class=\"service-one__content-inner\"><h4 class=\"service-one__title\"><span>Dach &amp; Dachrinne &amp; Pimage<\/span><\/h4><div class=\"service-one__desc\">Die Reinigung, Isolierung und Reparatur von Regenrinnen wird von unserem Expertenteam durchgef\u00fchrt, um die Lebensdauer Ihres Daches zu verl\u00e4ngern und den Abfluss des Regenwassers zu gew\u00e4hrleisten.<\/div><\/div>\t\t  <a href=\"https:\/\/www.yalcininsaatmakine.com\/de\/case\/dachrinnen-und-dacheindeckung\/\" class=\"service-one__link-overlay\" target=\"_blank\"><\/a>\r\n\t\t  <\/div><\/div>\t\r\n\r\n\r\n\r\n<\/div><div class=\"item-columns\">\r\n<div class=\"service-one__single\"><div class=\"service-one__content\"><div class=\"service-one__image\"><img decoding=\"async\" src=\"https:\/\/www.yalcininsaatmakine.com\/wp-content\/uploads\/2024\/03\/resim_2024-03-25_173703234-600x540.png\" alt=\"Gipskartonarbeiten\"\/><span class=\"service-one__icon\"><i aria-hidden=\"true\" class=\"cicon-right\"><\/i><\/span><\/div><div class=\"service-one__content-inner\"><h4 class=\"service-one__title\"><span>Gipskartonarbeiten<\/span><\/h4><div class=\"service-one__desc\">Wir werten Ihre R\u00e4ume mit Gipskartonanwendungen auf, die die \u00c4sthetik Ihrer Innenr\u00e4ume erh\u00f6hen.\n\n<\/div><\/div>\t\t  <a href=\"https:\/\/www.yalcininsaatmakine.com\/de\/case\/gipskartonarbeiten\/\" class=\"service-one__link-overlay\" target=\"_blank\"><\/a>\r\n\t\t  <\/div><\/div>\t\r\n\r\n\r\n\r\n<\/div><div class=\"item-columns\">\r\n<div class=\"service-one__single\"><div class=\"service-one__content\"><div class=\"service-one__image\"><img decoding=\"async\" src=\"https:\/\/www.yalcininsaatmakine.com\/wp-content\/uploads\/2024\/03\/Adsiz-tasarim-55-600x540.png\" alt=\"Ummantelung\"\/><span class=\"service-one__icon\"><i aria-hidden=\"true\" class=\"cicon-right\"><\/i><\/span><\/div><div class=\"service-one__content-inner\"><h4 class=\"service-one__title\"><span>Ummantelung<\/span><\/h4><div class=\"service-one__desc\">Wir bieten Ummantelungsl\u00f6sungen an, die f\u00fcr maximale W\u00e4rmed\u00e4mmung und Energieeinsparung in Ihren Geb\u00e4uden sorgen. Wir schaffen einen komfortablen und wirtschaftlichen Lebensraum, indem wir W\u00e4rmeverluste verhindern.\n\n<\/div><\/div>\t\t  <a href=\"https:\/\/www.yalcininsaatmakine.com\/de\/case\/ummantelung\/\" class=\"service-one__link-overlay\" target=\"_blank\"><\/a>\r\n\t\t  <\/div><\/div>\t\r\n\r\n\r\n\r\n<\/div><div class=\"item-columns\">\r\n<div class=\"service-one__single\"><div class=\"service-one__content\"><div class=\"service-one__image\"><img decoding=\"async\" src=\"https:\/\/www.yalcininsaatmakine.com\/wp-content\/uploads\/2024\/03\/IMG-20240327-WA0005-600x540.jpg\" alt=\"Plattform Ger\u00fcstbau\"\/><span class=\"service-one__icon\"><i aria-hidden=\"true\" class=\"cicon-right\"><\/i><\/span><\/div><div class=\"service-one__content-inner\"><h4 class=\"service-one__title\"><span>Plattform Ger\u00fcstbau<\/span><\/h4><div class=\"service-one__desc\">Als Voraussetzung f\u00fcr moderne Bautechniken k\u00f6nnen Sie mit Plattformger\u00fcsten Ihre Projekte beschleunigen und die Sicherheit und Zug\u00e4nglichkeit Ihrer Arbeitsbereiche erh\u00f6hen.<\/div><\/div>\t\t  <a href=\"https:\/\/www.yalcininsaatmakine.com\/de\/case\/plattformgerust\/\" class=\"service-one__link-overlay\" target=\"_blank\"><\/a>\r\n\t\t  <\/div><\/div>\t\r\n\r\n\r\n\r\n<\/div><div class=\"item-columns\">\r\n<div class=\"service-one__single\"><div class=\"service-one__content\"><div class=\"service-one__image\"><img decoding=\"async\" src=\"https:\/\/www.yalcininsaatmakine.com\/wp-content\/uploads\/2024\/03\/resim_2024-03-26_170908675-600x540.png\" alt=\"Schwarzes Gipswerk\"\/><span class=\"service-one__icon\"><i aria-hidden=\"true\" class=\"fas fa-home\"><\/i><\/span><\/div><div class=\"service-one__content-inner\"><h4 class=\"service-one__title\"><span>Schwarzes Gipswerk<\/span><\/h4><div class=\"service-one__desc\">Wir stellen Rauputzanwendungen her, die Ihre W\u00e4nde vor \u00e4u\u00dferen Einfl\u00fcssen sch\u00fctzen und eine glatte Oberfl\u00e4che bieten.<\/div><\/div>\t\t  <a href=\"https:\/\/www.yalcininsaatmakine.com\/de\/case\/schwarzputzarbeiten\/\" class=\"service-one__link-overlay\"><\/a>\r\n\t\t  <\/div><\/div>\t\r\n\r\n\r\n\r\n<\/div><div class=\"item-columns\">\r\n<div class=\"service-one__single\"><div class=\"service-one__content\"><div class=\"service-one__image\"><img decoding=\"async\" src=\"https:\/\/www.yalcininsaatmakine.com\/wp-content\/uploads\/2024\/03\/resim_2024-03-26_171040680-600x450.png\" alt=\"Fliesen und Kachelarbeiten\"\/><span class=\"service-one__icon\"><i aria-hidden=\"true\" class=\"fas fa-home\"><\/i><\/span><\/div><div class=\"service-one__content-inner\"><h4 class=\"service-one__title\"><span>Fliesen und Kachelarbeiten<\/span><\/h4><div class=\"service-one__desc\">Wir bieten Ihnen einen Anwendungsservice, indem wir die modernsten und hochwertigsten Fliesen und Calabodour-Modelle f\u00fcr Ihre B\u00e4der und K\u00fcchen ausw\u00e4hlen.<\/div><\/div>\t\t  <a href=\"https:\/\/www.yalcininsaatmakine.com\/de\/case\/fliesen-und-fliesenlegerarbeiten-2\/\" class=\"service-one__link-overlay\"><\/a>\r\n\t\t  <\/div><\/div>\t\r\n\r\n\r\n\r\n<\/div><div class=\"item-columns\">\r\n<div class=\"service-one__single\"><div class=\"service-one__content\"><div class=\"service-one__image\"><img decoding=\"async\" src=\"https:\/\/www.yalcininsaatmakine.com\/wp-content\/uploads\/2024\/03\/resim_2024-03-26_171203873-600x500.png\" alt=\"Wandarbeiten\"\/><span class=\"service-one__icon\"><i aria-hidden=\"true\" class=\"fas fa-home\"><\/i><\/span><\/div><div class=\"service-one__content-inner\"><h4 class=\"service-one__title\"><span>Wandarbeiten<\/span><\/h4><div class=\"service-one__desc\">Wir dienen mit Qualit\u00e4tsmaterialien und Verarbeitung in allen Arten von Wandarbeiten.\n\n<\/div><\/div>\t\t  <a href=\"https:\/\/www.yalcininsaatmakine.com\/de\/case\/wandarbeiten\/\" class=\"service-one__link-overlay\"><\/a>\r\n\t\t  <\/div><\/div>\t\r\n\r\n\r\n\r\n<\/div><div class=\"item-columns\">\r\n<div class=\"service-one__single\"><div class=\"service-one__content\"><div class=\"service-one__image\"><img decoding=\"async\" src=\"https:\/\/www.yalcininsaatmakine.com\/wp-content\/uploads\/2024\/03\/resim_2024-03-25_172537494-600x540.png\" alt=\"Tapetenanwendungen\"\/><span class=\"service-one__icon\"><i aria-hidden=\"true\" class=\"cicon-right\"><\/i><\/span><\/div><div class=\"service-one__content-inner\"><h4 class=\"service-one__title\"><span>Tapetenanwendungen<\/span><\/h4><div class=\"service-one__desc\">Wir stehen Ihnen mit verschiedenen und hochwertigen Tapetenoptionen zur Verf\u00fcgung, um Ihren R\u00e4umen Originalit\u00e4t zu verleihen.\n\n<\/div><\/div>\t\t  <a href=\"https:\/\/www.yalcininsaatmakine.com\/de\/case\/tapetenanwendungen\/\" class=\"service-one__link-overlay\" target=\"_blank\"><\/a>\r\n\t\t  <\/div><\/div>\t\r\n\r\n\r\n\r\n<\/div><div class=\"item-columns\">\r\n<div class=\"service-one__single\"><div class=\"service-one__content\"><div class=\"service-one__image\"><img decoding=\"async\" src=\"https:\/\/www.yalcininsaatmakine.com\/wp-content\/uploads\/2024\/03\/resim_2024-03-26_171906226-600x540.png\" alt=\"Trockenbauarbeiten\"\/><span class=\"service-one__icon\"><i aria-hidden=\"true\" class=\"fas fa-home\"><\/i><\/span><\/div><div class=\"service-one__content-inner\"><h4 class=\"service-one__title\"><span>Trockenbauarbeiten<\/span><\/h4><div class=\"service-one__desc\">Mit funktionalen und \u00e4sthetischen Gipsplattenl\u00f6sungen machen wir Ihre R\u00e4ume n\u00fctzlicher und stilvoller.\n\n<\/div><\/div>\t\t  <a href=\"https:\/\/www.yalcininsaatmakine.com\/de\/case\/alcipan-werke\/\" class=\"service-one__link-overlay\"><\/a>\r\n\t\t  <\/div><\/div>\t\r\n\r\n\r\n\r\n<\/div><div class=\"item-columns\">\r\n<div class=\"service-one__single\"><div class=\"service-one__content\"><div class=\"service-one__image\"><img decoding=\"async\" src=\"https:\/\/www.yalcininsaatmakine.com\/wp-content\/uploads\/2024\/03\/Adsiz-tasarim-56-600x540.png\" alt=\"Maler- und Renovierungsarbeiten\"\/><span class=\"service-one__icon\"><i aria-hidden=\"true\" class=\"fas fa-home\"><\/i><\/span><\/div><div class=\"service-one__content-inner\"><h4 class=\"service-one__title\"><span>Maler- und Renovierungsarbeiten<\/span><\/h4><div class=\"service-one__desc\">Schl\u00fcsselfertige Innen- und Au\u00dfendekoration, Malerarbeiten, Renovierung und Reparatur von Sanit\u00e4ranlagen.<\/div><\/div>\t\t  <a href=\"https:\/\/www.yalcininsaatmakine.com\/de\/case\/maler-und-renovierungsarbeiten\/\" class=\"service-one__link-overlay\"><\/a>\r\n\t\t  <\/div><\/div>\t\r\n\r\n\r\n\r\n<\/div><div class=\"item-columns\">\r\n<div class=\"service-one__single\"><div class=\"service-one__content\"><div class=\"service-one__image\"><img decoding=\"async\" src=\"https:\/\/www.yalcininsaatmakine.com\/wp-content\/uploads\/2024\/03\/resim_2024-03-26_172513907-600x540.png\" alt=\"Gips- und Gipsdekorationsarbeiten \"\/><span class=\"service-one__icon\"><i aria-hidden=\"true\" class=\"fas fa-home\"><\/i><\/span><\/div><div class=\"service-one__content-inner\"><h4 class=\"service-one__title\"><span>Gips- und Gipsdekorationsarbeiten <\/span><\/h4><div class=\"service-one__desc\">Im Bereich Gipsarbeiten und Dekoration bieten wir L\u00f6sungen an, die Ihre R\u00e4ume versch\u00f6nern, indem sie \u00c4sthetik und Funktionalit\u00e4t verbinden.<\/div><\/div>\t\t  <a href=\"https:\/\/www.yalcininsaatmakine.com\/de\/case\/gips-und-gipsdekorationsarbeiten\/\" class=\"service-one__link-overlay\"><\/a>\r\n\t\t  <\/div><\/div>\t\r\n\r\n\r\n\r\n<\/div>   <\/div>\r\n<\/div>\r\n<\/div>\t\t\t\t<\/div>\n\t\t\t\t<\/div>\n\t\t\t\t\t<\/div>\n\t\t<\/div>\n\t\t\t\t\t<\/div>\n\t\t<\/section>\n\t\t\t\t<section class=\"elementor-section elementor-top-section elementor-element elementor-element-c6640ea elementor-section-boxed elementor-section-height-default elementor-section-height-default\" data-id=\"c6640ea\" data-element_type=\"section\" data-e-type=\"section\">\n\t\t\t\t\t\t<div class=\"elementor-container elementor-column-gap-default\">\n\t\t\t\t\t<div class=\"elementor-column elementor-col-50 elementor-top-column elementor-element elementor-element-e0f5378\" data-id=\"e0f5378\" data-element_type=\"column\" data-e-type=\"column\" data-settings=\"{&quot;background_background&quot;:&quot;classic&quot;}\">\n\t\t\t<div class=\"elementor-widget-wrap elementor-element-populated\">\n\t\t\t\t\t\t<div class=\"elementor-element elementor-element-c609c09 elementor-widget elementor-widget-spacer\" data-id=\"c609c09\" data-element_type=\"widget\" data-e-type=\"widget\" data-widget_type=\"spacer.default\">\n\t\t\t\t<div class=\"elementor-widget-container\">\n\t\t\t\t\t\t\t<div class=\"elementor-spacer\">\n\t\t\t<div class=\"elementor-spacer-inner\"><\/div>\n\t\t<\/div>\n\t\t\t\t\t\t<\/div>\n\t\t\t\t<\/div>\n\t\t\t\t\t<\/div>\n\t\t<\/div>\n\t\t\t\t<div class=\"elementor-column elementor-col-50 elementor-top-column elementor-element elementor-element-919ea17\" data-id=\"919ea17\" data-element_type=\"column\" data-e-type=\"column\" data-settings=\"{&quot;background_background&quot;:&quot;classic&quot;}\">\n\t\t\t<div class=\"elementor-widget-wrap elementor-element-populated\">\n\t\t\t\t\t<div class=\"elementor-background-overlay\"><\/div>\n\t\t\t\t\t\t<div class=\"elementor-element elementor-element-6bcafc7 elementor-widget elementor-widget-heading\" data-id=\"6bcafc7\" data-element_type=\"widget\" data-e-type=\"widget\" data-widget_type=\"heading.default\">\n\t\t\t\t<div class=\"elementor-widget-container\">\n\t\t\t\t\t<h2 class=\"elementor-heading-title elementor-size-default\">Warum sollten Sie uns w\u00e4hlen?<\/h2>\t\t\t\t<\/div>\n\t\t\t\t<\/div>\n\t\t\t\t<div class=\"elementor-element elementor-element-dc73997 elementor-widget elementor-widget-text-editor\" data-id=\"dc73997\" data-element_type=\"widget\" data-e-type=\"widget\" data-widget_type=\"text-editor.default\">\n\t\t\t\t<div class=\"elementor-widget-container\">\n\t\t\t\t\t\t\t\t\tWer sich f\u00fcr Yal\u00e7\u0131n Construction &amp; Movable Scaffolding entscheidet, entscheidet sich f\u00fcr Kompetenz, Zuverl\u00e4ssigkeit und Qualit\u00e4t. Mit 25 Jahren Erfahrung in der Branche bieten wir hohe Sicherheitsstandards und ausgezeichnete Kundenzufriedenheit bei Ihren Projekten. \t\t\t\t\t\t\t\t<\/div>\n\t\t\t\t<\/div>\n\t\t\t\t<div class=\"elementor-element elementor-element-ba27150 elementor-icon-list--layout-traditional elementor-list-item-link-full_width elementor-widget elementor-widget-icon-list\" data-id=\"ba27150\" data-element_type=\"widget\" data-e-type=\"widget\" data-widget_type=\"icon-list.default\">\n\t\t\t\t<div class=\"elementor-widget-container\">\n\t\t\t\t\t\t\t<ul class=\"elementor-icon-list-items\">\n\t\t\t\t\t\t\t<li class=\"elementor-icon-list-item\">\n\t\t\t\t\t\t\t\t\t\t\t<span class=\"elementor-icon-list-icon\">\n\t\t\t\t\t\t\t<i aria-hidden=\"true\" class=\"fas fa-check-circle\"><\/i>\t\t\t\t\t\t<\/span>\n\t\t\t\t\t\t\t\t\t\t<span class=\"elementor-icon-list-text\">Unser erfahrenes Team versteht die einzigartigen Bed\u00fcrfnisse jedes Projekts und entwickelt ma\u00dfgeschneiderte L\u00f6sungen.<\/span>\n\t\t\t\t\t\t\t\t\t<\/li>\n\t\t\t\t\t\t\t\t<li class=\"elementor-icon-list-item\">\n\t\t\t\t\t\t\t\t\t\t\t<span class=\"elementor-icon-list-icon\">\n\t\t\t\t\t\t\t<i aria-hidden=\"true\" class=\"fas fa-check-circle\"><\/i>\t\t\t\t\t\t<\/span>\n\t\t\t\t\t\t\t\t\t\t<span class=\"elementor-icon-list-text\">Unser unerm\u00fcdliches Engagement f\u00fcr Qualit\u00e4t und Sicherheit gew\u00e4hrleistet, dass Ihre Projekte p\u00fcnktlich und innerhalb des Budgets abgeschlossen werden.<\/span>\n\t\t\t\t\t\t\t\t\t<\/li>\n\t\t\t\t\t\t\t\t<li class=\"elementor-icon-list-item\">\n\t\t\t\t\t\t\t\t\t\t\t<span class=\"elementor-icon-list-icon\">\n\t\t\t\t\t\t\t<i aria-hidden=\"true\" class=\"fas fa-check-circle\"><\/i>\t\t\t\t\t\t<\/span>\n\t\t\t\t\t\t\t\t\t\t<span class=\"elementor-icon-list-text\">Wenn Sie sich f\u00fcr Yal\u00e7\u0131n Construction &amp; Movable Scaffolding entscheiden, legen Sie Ihre Projekte in die sichersten H\u00e4nde.<\/span>\n\t\t\t\t\t\t\t\t\t<\/li>\n\t\t\t\t\t\t<\/ul>\n\t\t\t\t\t\t<\/div>\n\t\t\t\t<\/div>\n\t\t\t\t\t<\/div>\n\t\t<\/div>\n\t\t\t\t\t<\/div>\n\t\t<\/section>\n\t\t\t\t<\/div>","protected":false},"excerpt":{"rendered":"<p>Hizmetlerimiz Ne Sunuyoruz Verdi\u011fimiz Hizmetler Botanik&amp;Park-Bah\u00e7e&amp;Dekorasyon Kamu ve \u00f6zel kurulu\u015flar ba\u015fta olmak \u00fczere, villa ve bah\u00e7eli evleriniz i\u00e7in botanik bah\u00e7e, park-bah\u00e7e ve dekorasyon i\u015fleri profesyonel ekibimiz taraf\u0131ndan titizlikle ger\u00e7ekle\u015ftirilmektedir. \u00c7at\u0131&amp; [&hellip;]<\/p>","protected":false},"author":1,"featured_media":0,"parent":0,"menu_order":0,"comment_status":"closed","ping_status":"closed","template":"","meta":{"_joinchat":[],"footnotes":""},"class_list":["post-37","page","type-page","status-publish","hentry"],"_links":{"self":[{"href":"https:\/\/www.yalcininsaatmakine.com\/de\/wp-json\/wp\/v2\/pages\/37","targetHints":{"allow":["GET"]}}],"collection":[{"href":"https:\/\/www.yalcininsaatmakine.com\/de\/wp-json\/wp\/v2\/pages"}],"about":[{"href":"https:\/\/www.yalcininsaatmakine.com\/de\/wp-json\/wp\/v2\/types\/page"}],"author":[{"embeddable":true,"href":"https:\/\/www.yalcininsaatmakine.com\/de\/wp-json\/wp\/v2\/users\/1"}],"replies":[{"embeddable":true,"href":"https:\/\/www.yalcininsaatmakine.com\/de\/wp-json\/wp\/v2\/comments?post=37"}],"version-history":[{"count":66,"href":"https:\/\/www.yalcininsaatmakine.com\/de\/wp-json\/wp\/v2\/pages\/37\/revisions"}],"predecessor-version":[{"id":1341,"href":"https:\/\/www.yalcininsaatmakine.com\/de\/wp-json\/wp\/v2\/pages\/37\/revisions\/1341"}],"wp:attachment":[{"href":"https:\/\/www.yalcininsaatmakine.com\/de\/wp-json\/wp\/v2\/media?parent=37"}],"curies":[{"name":"wp","href":"https:\/\/api.w.org\/{rel}","templated":true}]}}