{"id":28,"date":"2022-12-19T02:30:24","date_gmt":"2022-12-19T02:30:24","guid":{"rendered":"https:\/\/gaviaspreview.com\/wp\/constix\/?page_id=28"},"modified":"2024-04-03T17:04:39","modified_gmt":"2024-04-03T17:04:39","slug":"news-02","status":"publish","type":"page","link":"https:\/\/www.yalcininsaatmakine.com\/de\/nachrichten-02\/","title":{"rendered":"Blog"},"content":{"rendered":"<div data-elementor-type=\"wp-page\" data-elementor-id=\"28\" class=\"elementor elementor-28\">\n\t\t\t\t\t\t<section class=\"elementor-section elementor-top-section elementor-element elementor-element-8245e0a elementor-section-full_width elementor-section-height-default elementor-section-height-default\" data-id=\"8245e0a\" data-element_type=\"section\" data-e-type=\"section\">\n\t\t\t\t\t\t<div class=\"elementor-container elementor-column-gap-default\">\n\t\t\t\t\t<div class=\"elementor-column elementor-col-100 elementor-top-column elementor-element elementor-element-8d6df97\" data-id=\"8d6df97\" data-element_type=\"column\" data-e-type=\"column\">\n\t\t\t<div class=\"elementor-widget-wrap elementor-element-populated\">\n\t\t\t\t\t\t<div class=\"elementor-element elementor-element-b91bbd6 elementor-widget elementor-widget-gva_post_breadcrumb\" data-id=\"b91bbd6\" data-element_type=\"widget\" data-e-type=\"widget\" data-widget_type=\"gva_post_breadcrumb.default\">\n\t\t\t\t<div class=\"elementor-widget-container\">\n\t\t\t\t\t<div class=\"gva-element-gva_post_breadcrumb gva-element\">   \r\n<div class=\"post-breadcrumb\">\r\n   <div class=\"custom-breadcrumb\" >\r\n               <div class=\"breadcrumb-overlay\" style=\"\"><\/div>\r\n            <div class=\"breadcrumb-main\">\r\n        <div class=\"container\">\r\n          <div class=\"breadcrumb-container-inner align-left\">\r\n            <ol class=\"breadcrumb\"><li><a href=\"https:\/\/www.yalcininsaatmakine.com\/de\">Startseite<\/a> <\/li> <li class=\"active\">Seite<\/li><\/ol><h2 class=\"heading-title\">Blog<\/h2>          <\/div>  \r\n        <\/div>   \r\n      <\/div>  \r\n   <\/div>\r\n<\/div>      \r\n\r\n<\/div>\t\t\t\t<\/div>\n\t\t\t\t<\/div>\n\t\t\t\t\t<\/div>\n\t\t<\/div>\n\t\t\t\t\t<\/div>\n\t\t<\/section>\n\t\t\t\t<section class=\"elementor-section elementor-top-section elementor-element elementor-element-777ae97 elementor-section-boxed elementor-section-height-default elementor-section-height-default\" data-id=\"777ae97\" data-element_type=\"section\" data-e-type=\"section\">\n\t\t\t\t\t\t<div class=\"elementor-container elementor-column-gap-default\">\n\t\t\t\t\t<div class=\"elementor-column elementor-col-100 elementor-top-column elementor-element elementor-element-d27087a\" data-id=\"d27087a\" data-element_type=\"column\" data-e-type=\"column\">\n\t\t\t<div class=\"elementor-widget-wrap elementor-element-populated\">\n\t\t\t\t\t\t<div class=\"elementor-element elementor-element-fa25e8b elementor-widget elementor-widget-gva-posts\" data-id=\"fa25e8b\" data-element_type=\"widget\" data-e-type=\"widget\" data-widget_type=\"gva-posts.default\">\n\t\t\t\t<div class=\"elementor-widget-container\">\n\t\t\t\t\t<div class=\"gva-element-gva-posts gva-element\">  \r\n  <div class=\"gva-posts-grid clearfix gva-posts\">\r\n\t\t<div class=\"gva-content-items\"> \r\n\t\t  <div class=\"lg-block-grid-3 md-block-grid-3 sm-block-grid-2 xs-block-grid-2 xx-block-grid-1\">\r\n\t\t\t <div class=\"item-columns\">\r\n<article class=\"post post-three__single post-81 type-post status-publish format-standard has-post-thumbnail hentry category-uncategorized tag-hareketli-iskele tag-insaat tag-makine\">\r\n   <div class=\"post-three__thumbnail\" style=\"background-image:url('https:\/\/www.yalcininsaatmakine.com\/wp-content\/uploads\/2024\/03\/excavator-at-work-heavy-machinery-on-construction-site--550x350.jpg');\"><\/div>   \r\n   <div class=\"post-three__content\">\r\n      <div class=\"post-three__entry-date\"><span class=\"date\">26<\/span><span class=\"month\">M\u00e4rz<\/span><\/div>      <div class=\"post-three__content-inner\">\r\n         <div class=\"post-three__meta\">\r\n            <div class=\"clearfix meta-inline post-meta-1\"><span class=\"author vcard\"><i class=\"fas fa-user\"><\/i>Mete Yalcin<\/span><\/div>         <\/div> \r\n         <h2 class=\"post-three__title\">\r\n            <a href=\"https:\/\/www.yalcininsaatmakine.com\/de\/2024\/03\/26\/die-es-ihnen-ermoglicht-rechnungen-fur-baumasnahmen-zu-begleichen\/\">Bedeutung der Maschinenauswahl in der Bauindustrie und bew\u00e4hrte Praktiken<\/a>\r\n         <\/h2>\r\n         <a class=\"post-three__arrow btn-border-white\" href=\"https:\/\/www.yalcininsaatmakine.com\/de\/2024\/03\/26\/die-es-ihnen-ermoglicht-rechnungen-fur-baumasnahmen-zu-begleichen\/\">\r\n           <i class=\"cicon-arrow\"><\/i>\r\n         <\/a>\r\n      <\/div>\r\n   <\/div>\r\n   <a href=\"https:\/\/www.yalcininsaatmakine.com\/de\/2024\/03\/26\/die-es-ihnen-ermoglicht-rechnungen-fur-baumasnahmen-zu-begleichen\/\" class=\"post-three__link-overlay\"><\/a>\r\n<\/article>   \r\n\r\n  <\/div><div class=\"item-columns\">\r\n<article class=\"post post-three__single post-82 type-post status-publish format-standard has-post-thumbnail hentry category-uncategorized tag-hareketli-iskele tag-insaat tag-makine\">\r\n   <div class=\"post-three__thumbnail\" style=\"background-image:url('https:\/\/www.yalcininsaatmakine.com\/wp-content\/uploads\/2024\/03\/giant-scaffolding-550x350.jpg');\"><\/div>   \r\n   <div class=\"post-three__content\">\r\n      <div class=\"post-three__entry-date\"><span class=\"date\">26<\/span><span class=\"month\">M\u00e4rz<\/span><\/div>      <div class=\"post-three__content-inner\">\r\n         <div class=\"post-three__meta\">\r\n            <div class=\"clearfix meta-inline post-meta-1\"><span class=\"author vcard\"><i class=\"fas fa-user\"><\/i>Mete Yalcin<\/span><\/div>         <\/div> \r\n         <h2 class=\"post-three__title\">\r\n            <a href=\"https:\/\/www.yalcininsaatmakine.com\/de\/2024\/03\/26\/die-rolle-der-qualitat-der-konstruktion-im-projekt\/\">Die Bedeutung beweglicher Ger\u00fcstsysteme bei modernen Bauprojekten<\/a>\r\n         <\/h2>\r\n         <a class=\"post-three__arrow btn-border-white\" href=\"https:\/\/www.yalcininsaatmakine.com\/de\/2024\/03\/26\/die-rolle-der-qualitat-der-konstruktion-im-projekt\/\">\r\n           <i class=\"cicon-arrow\"><\/i>\r\n         <\/a>\r\n      <\/div>\r\n   <\/div>\r\n   <a href=\"https:\/\/www.yalcininsaatmakine.com\/de\/2024\/03\/26\/die-rolle-der-qualitat-der-konstruktion-im-projekt\/\" class=\"post-three__link-overlay\"><\/a>\r\n<\/article>   \r\n\r\n  <\/div>\t\t  <\/div>\r\n\t\t<\/div>\r\n\t\t\t\t\t <div class=\"pagination\">\r\n\t\t\t\t  \t\t\t <\/div>\r\n\t\t  <\/div>\r\n  <\/div>\t\t\t\t<\/div>\n\t\t\t\t<\/div>\n\t\t\t\t\t<\/div>\n\t\t<\/div>\n\t\t\t\t\t<\/div>\n\t\t<\/section>\n\t\t\t\t<\/div>","protected":false},"excerpt":{"rendered":"<p>Home Die Bedeutung beweglicher Ger\u00fcstsysteme bei modernen Bauprojekten 26Mar Mete Yal\u00e7\u0131n Die Bedeutung der Maschinenauswahl in der Bauindustrie und bew\u00e4hrte Praktiken 26Mar Mete Yal\u00e7\u0131n Die Bedeutung beweglicher Ger\u00fcstsysteme bei modernen Bauprojekten<\/p>","protected":false},"author":1,"featured_media":0,"parent":0,"menu_order":0,"comment_status":"closed","ping_status":"closed","template":"","meta":{"_joinchat":[],"footnotes":""},"class_list":["post-28","page","type-page","status-publish","hentry"],"_links":{"self":[{"href":"https:\/\/www.yalcininsaatmakine.com\/de\/wp-json\/wp\/v2\/pages\/28","targetHints":{"allow":["GET"]}}],"collection":[{"href":"https:\/\/www.yalcininsaatmakine.com\/de\/wp-json\/wp\/v2\/pages"}],"about":[{"href":"https:\/\/www.yalcininsaatmakine.com\/de\/wp-json\/wp\/v2\/types\/page"}],"author":[{"embeddable":true,"href":"https:\/\/www.yalcininsaatmakine.com\/de\/wp-json\/wp\/v2\/users\/1"}],"replies":[{"embeddable":true,"href":"https:\/\/www.yalcininsaatmakine.com\/de\/wp-json\/wp\/v2\/comments?post=28"}],"version-history":[{"count":4,"href":"https:\/\/www.yalcininsaatmakine.com\/de\/wp-json\/wp\/v2\/pages\/28\/revisions"}],"predecessor-version":[{"id":1194,"href":"https:\/\/www.yalcininsaatmakine.com\/de\/wp-json\/wp\/v2\/pages\/28\/revisions\/1194"}],"wp:attachment":[{"href":"https:\/\/www.yalcininsaatmakine.com\/de\/wp-json\/wp\/v2\/media?parent=28"}],"curies":[{"name":"wp","href":"https:\/\/api.w.org\/{rel}","templated":true}]}}